{"id":31157,"date":"2020-03-13T10:22:00","date_gmt":"2020-03-13T09:22:00","guid":{"rendered":"https:\/\/www.la-cezille.ch\/?page_id=31157"},"modified":"2026-03-22T21:29:50","modified_gmt":"2026-03-22T20:29:50","slug":"ausfluege","status":"publish","type":"page","link":"https:\/\/www.la-cezille.ch\/de\/ausfluege\/","title":{"rendered":"Ausfl\u00fcge"},"content":{"rendered":"<div class=\"brz-root__container brz-reset-all\">\n<section id=\"xlbpvvgkambmrydxahericpwhnywjlciutdh\" class=\"brz-section brz-css-izmCg\">\n<div class=\"brz-section__content brz-section--boxed brz-css-j_mJl brz-css-cAU_e\" data-brz-custom-id=\"viihnnefgqkvzhlsvqmfibmvjreogocuaqme\">\n<div class=\"brz-bg\">\n<div class=\"brz-bg-image\"><\/div>\n<\/div>\n<div class=\"brz-container brz-css-dlLyb\">\n<div class=\"brz-row__container brz-css-ha_GP\" data-brz-custom-id=\"ypesydzjdpraxhjrvnyivjgdwdjsyavgssnh\">\n<div class=\"brz-bg\"><\/div>\n<div class=\"brz-row brz-css-sZmHD brz-css-hQkPY\">\n<div class=\"brz-columns brz-css-uybEq brz-css-fRCjm\" data-brz-custom-id=\"chnqoygzdepbrjjahipyfzxakjtlvxssoazz\">\n<div class=\"brz-bg\"><\/div>\n<div class=\"brz-column__items brz-css-k7vSA brz-css-n2fbf\">\n<div id class=\"brz-css-oLCHA brz-wrapper\">\n<div class=\"brz-rich-text brz-rich-text__custom brz-css-j5hRo\" data-brz-custom-id=\"sfmljyixxusugfqispvanikbhnzwctrjwpcn\">\n<div data-brz-translate-text=\"1\">\n<h1 class=\"brz-text-xs-center brz-lh-lg-1_3 brz-lh-sm-im-1_2 brz-lh-xs-im-1_3 brz-fs-lg-46 brz-fs-sm-im-38 brz-fs-xs-im-36 brz-ls-lg-m_1_5 brz-ls-sm-im-m_1 brz-ls-xs-im-m_1 brz-ft-google brz-fw-lg-700 brz-fw-sm-im-700 brz-fw-xs-im-700 brz-ff-montserrat brz-text-lg-center brz-css-olSdY\"><span class=\"brz-cp-color8\"><span>Ausfl&uuml;ge<\/span><\/span><\/h1>\n<\/div>\n<\/div>\n<\/div>\n<div id class=\"brz-css-oLCHA brz-css-rvwLe brz-wrapper\">\n<div class=\"brz-spacer brz-css-j3e59 brz-css-xb2Mk\"><\/div>\n<\/div>\n<\/div>\n<\/div>\n<\/div>\n<\/div>\n<\/div>\n<\/div>\n<\/section>\n<section id=\"iutvgjjqqgdememjsitouuezwuobltpmqvyk\" class=\"brz-section brz-css-izmCg\">\n<div class=\"brz-section__content brz-section--boxed brz-css-j_mJl brz-css-vIqub\" data-brz-custom-id=\"uzegqpidmdtdyjplsjkwjlqgkqrwpuustgpe\">\n<div class=\"brz-bg\">\n<div class=\"brz-bg-color\"><\/div>\n<\/div>\n<div class=\"brz-container brz-css-dlLyb brz-css-kcl85\">\n<div id class=\"brz-css-oLCHA brz-css-zijBv brz-wrapper\">\n<div class=\"brz-rich-text brz-rich-text__custom brz-css-j5hRo\" data-brz-custom-id=\"elwtebvuymerwhdsgvsxugfaogesiifcwvgn\">\n<div data-brz-translate-text=\"1\">\n<h2 class=\"brz-ls-xs-im-m_1 brz-ls-sm-im-m_1 brz-ls-lg-m_1 brz-lh-xs-im-1_3 brz-lh-sm-im-1_2 brz-lh-lg-1_3 brz-text-lg-center brz-fw-xs-400 brz-fw-sm-400 brz-ff-montserrat brz-ft-google brz-fw-lg-400 brz-fs-lg-26 brz-fs-sm-im-20 brz-fs-xs-im-18 brz-css-mKFIw\"><span><span>Gehen Sie auf Entdeckungsreise in unserer herrlichen Region, die eine Vielzahl an Ausflugsm&ouml;glichkeiten bietet.<\/span><\/span><\/h2>\n<\/div>\n<\/div>\n<\/div>\n<div id class=\"brz-css-oLCHA brz-css-rvwLe brz-css-rXWPH brz-wrapper\">\n<div class=\"brz-spacer brz-css-j3e59 brz-css-dl7sS\"><\/div>\n<\/div>\n<div id class=\"brz-css-oLCHA brz-css-pWR74 brz-wrapper\">\n<div class=\"brz-rich-text brz-rich-text__custom brz-css-j5hRo\" data-brz-custom-id=\"yvbfqpxzzicivhwtpdeevpvstatspinafald\">\n<div data-brz-translate-text=\"1\">\n<p class=\"brz-css-vXWgW\"><strong> Basse Ruche St. Cergue,<\/strong> <a class=\"link--external\" href=\"www.basseruche.ch\" data-brz-link-type=\"external\" target=\"_blank\">www.basseruche.ch<\/a><\/p>\n<p class=\"brz-css-ek8rA\"><\/p>\n<p class=\"brz-css-fpBP1\"><strong> La Garenne Faune Suisse Le Vaud,<\/strong> <a class=\"link--external\" href=\"https:\/\/www.lagarenne.ch%20\" data-brz-link-type=\"external\" target=\"_blank\">www.lagarenne.ch <\/a><\/p>\n<p class=\"brz-css-k9ZUf\"><\/p>\n<p class=\"brz-css-rgHfX\"><strong>Aquatis, Lausanne,<\/strong> <a class=\"link--external\" href=\"https:\/\/www.aquatis.ch\" data-brz-link-type=\"external\" target=\"_blank\">www.aquatis.ch<\/a><\/p>\n<p class=\"brz-tp-paragraph brz-text-lg-left brz-css-kv_lJ\">Das gr&ouml;&szlig;te S&uuml;&szlig;wasseraquarium-Vivarium in Europa.<\/p>\n<p class=\"brz-tp-paragraph brz-text-lg-left brz-css-jZLGx\"><\/p>\n<p class=\"brz-tp-paragraph brz-text-lg-left brz-css-vEWjT\"><strong>Signal de Bougy,<\/strong> <a class=\"link--external\" href=\"https:\/\/www.parc-aventure.ch\/\" data-brz-link-type=\"external\" target=\"_blank\">www.parc-aventure.ch<\/a><\/p>\n<p class=\"brz-tp-paragraph brz-text-lg-left brz-css-kl0H_\">Ein neues Freizeitkonzept f&uuml;r Gross und Klein, mitten im Wald.<\/p>\n<p class=\"brz-tp-paragraph brz-text-lg-left brz-css-dEDgn\"><\/p>\n<p class=\"brz-tp-paragraph brz-text-lg-left brz-css-wIudZ\"><strong>JuraParc,<\/strong><a class=\"link--external\" href=\"https:\/\/www.juraparc.ch\/\" data-brz-link-type=\"external\" target=\"_blank\"><strong> <\/strong>www.juraparc.ch<\/a><\/p>\n<p class=\"brz-tp-paragraph brz-text-lg-left brz-css-qp66d\">In diesem Park sind B&auml;ren, W&ouml;lfe und Bisons daheim. Dazu gibt es einen grossen Spielplatz und einen Streichelzoo mit Ziegen, Ponys, Eseln und Alpakas.<\/p>\n<p class=\"brz-tp-paragraph brz-text-lg-left brz-css-xAwsf\"><\/p>\n<p class=\"brz-tp-paragraph brz-text-lg-left brz-css-y1Vvk\"><strong>Vall&eacute;e de Joux,<\/strong> <a class=\"link--external\" href=\"https:\/\/www.myvalleedejoux.ch\" data-brz-link-type=\"external\" target=\"_blank\">www.myvalleedejoux.ch<\/a><\/p>\n<p class=\"brz-tp-paragraph brz-text-lg-left brz-css-pgQSG\">Auf 1000 m H&ouml;hle liegt das Vall&eacute;e de Joux und ist eine beliebte Freizeitdestination f&uuml;r Naturliebhaber und Sportler. Das Vall&eacute;e de Joux ist auch der Geburtsort der lokalen, prestigetr&auml;chtigen Uhrmacherei.<\/p>\n<p class=\"brz-tp-paragraph brz-text-lg-left brz-css-iEwdr\"><\/p>\n<p class=\"brz-tp-paragraph brz-text-lg-left brz-css-ilykP\"><strong>Mus&eacute;e du L&eacute;man,<\/strong> <a class=\"link--external\" href=\"https:\/\/www.museeduleman.ch\" data-brz-link-type=\"external\" target=\"_blank\">www.museeduleman.ch<\/a><\/p>\n<p class=\"brz-tp-paragraph brz-text-lg-left brz-css-d737S\">Natur, Kultur, Wissenschaft : alle Aspekte des gr&ouml;ssten westeurop&auml;ischen Binnensees werden im Genferseemuseum dargestellt.<\/p>\n<p class=\"brz-tp-paragraph brz-text-lg-left brz-css-isATs\"><\/p>\n<p class=\"brz-tp-paragraph brz-text-lg-left brz-css-cfjjH\"><strong>Zugsfahrt &laquo; Nyon &ndash; Saint-Cergue &ndash; La Cure &raquo;, <\/strong><a class=\"link--external\" href=\"https:\/\/www.region-du-leman.ch\" data-brz-link-type=\"external\" target=\"_blank\">www.region-du-leman.ch<\/a><\/p>\n<p class=\"brz-tp-paragraph brz-text-lg-left brz-css-ur5vE\">Diese 27km lange, meterspurige Bahnlinie f&uuml;hrt von Nyon nach dem auf den H&ouml;hen des Waadtl&auml;nder Juras gelegene Saint-Cergue und weiter bis nach La Cure, das unmittelbar an der franz&ouml;sischen Grenze liegt.<\/p>\n<p class=\"brz-tp-paragraph brz-text-lg-left brz-css-nDkiQ\"><\/p>\n<p class=\"brz-tp-paragraph brz-text-lg-left brz-css-fjlzk\"><strong>Zoo de Servion,<\/strong> <a class=\"link--external\" href=\"https:\/\/www.zoo-servion.ch\" data-brz-link-type=\"external\" target=\"_blank\">www.zoo-servion.ch<\/a><\/p>\n<p class=\"brz-tp-paragraph brz-text-lg-left brz-css-iEYUa\">Der gr&ouml;sste Zoo der Westschweiz beherbergt grosse und kleine Raubtiere und verzeichnet gute Zuchterfolge bei gef&auml;hrdeten Tierarten. Publikumslieblinge sind die Affen und eine weitere Attraktion ist das &uuml;ppig bewachsene Tropenhaus.<\/p>\n<p class=\"brz-tp-paragraph brz-text-lg-left brz-css-ilN6W\"><\/p>\n<p class=\"brz-tp-paragraph brz-text-lg-left brz-css-qvJAH\"><strong>Mus&eacute;e de l&#8217;alimentation,<\/strong> <a class=\"link--external\" href=\"https:\/\/www.alimentarium.ch\" data-brz-link-type=\"external\" target=\"_blank\">www.alimentarium.ch<\/a><\/p>\n<p class=\"brz-tp-paragraph brz-text-lg-left brz-css-hh3GZ\">Dem Besucher wird mithilfe praktischer und digitaler Erfahrungen bewusst wie komplex das Thema Ern&auml;hrung ist, wenn man es global und durch alle Zeiten hindurch betrachtet.<\/p>\n<p class=\"brz-tp-paragraph brz-text-lg-left brz-css-hcsrK\">\n<p class=\"brz-tp-paragraph brz-text-lg-left brz-css-sMN0P\"><strong>Chemin des Toblerones,<\/strong><a class=\"link--external\" href=\"https:\/\/boisdechenes.ch\/\" data-brz-link-type=\"external\" target=\"_blank\"><strong> <\/strong>www.toblerones.ch<\/a><\/p>\n<p class=\"brz-tp-paragraph brz-text-lg-left brz-css-ebIv_\"><\/p>\n<p class=\"brz-tp-paragraph brz-text-lg-left brz-css-cWQqZ\"><strong>Bois de Ch&ecirc;nes,<\/strong> <a class=\"link--external\" href=\"https:\/\/boisdechenes.ch\/\" data-brz-link-type=\"external\" target=\"_blank\">www.boisdechenes.ch <\/a><\/p>\n<p class=\"brz-tp-paragraph brz-text-lg-left brz-css-wPzjw\">\n<\/div>\n<\/div>\n<\/div>\n<div id class=\"brz-css-oLCHA brz-css-rvwLe brz-wrapper\">\n<div class=\"brz-spacer brz-css-j3e59 brz-css-s6g6T\"><\/div>\n<\/div>\n<\/div>\n<\/div>\n<\/section>\n<section id=\"ktneurlheggqexgcptwhnoyzjyfknqgtkdsx\" class=\"brz-section brz-css-izmCg\">\n<div class=\"brz-section__content brz-section--boxed brz-css-j_mJl brz-css-aNgYm\" data-brz-custom-id=\"uvioiwjbwmjyxkhniakegfmqqarajpwnmvzf\">\n<div class=\"brz-bg\">\n<div class=\"brz-bg-color\"><\/div>\n<\/div>\n<div class=\"brz-container brz-css-dlLyb\">\n<div class=\"brz-row__container brz-css-ha_GP\" data-brz-custom-id=\"eyedvyrdpeqtviptxiulxygkcxaezlibxcsj\">\n<div class=\"brz-bg\"><\/div>\n<div class=\"brz-row brz-css-sZmHD brz-css-hQkPY\">\n<div class=\"brz-columns brz-css-uybEq\" data-brz-custom-id=\"kydumeqgsypimaitanukicpxwieyjcxjrige\">\n<div class=\"brz-bg\"><\/div>\n<div class=\"brz-column__items brz-css-k7vSA brz-css-ae7lk\">\n<div id class=\"brz-css-oLCHA brz-wrapper\">\n<div class=\"brz-rich-text brz-rich-text__custom brz-css-j5hRo\" data-brz-custom-id=\"xslzwlhsgxrkuuxwglxaawjrsmwnpeqexlik\">\n<div data-brz-translate-text=\"1\">\n<h3 class=\"brz-text-xs-center brz-tp-heading3 brz-fw-xs-600 brz-ls-xs-0_5 brz-css-vBdNH\"><span class=\"brz-cp-color8\">Ben&ouml;tigen Sie eine Auskunft oder eine Reservation ?<\/span><\/h3>\n<\/div>\n<\/div>\n<\/div>\n<\/div>\n<\/div>\n<div class=\"brz-columns brz-css-uybEq\" data-brz-custom-id=\"rajrjgosmxfomzbegjqciiqsjgjdkbcsmbhg\">\n<div class=\"brz-bg\"><\/div>\n<div class=\"brz-column__items brz-css-k7vSA\">\n<div class=\"brz-wrapper-clone brz-css-sO4FX\">\n<div class=\"brz-d-xs-flex brz-flex-xs-wrap brz-css-wD82n\" data-brz-custom-id>\n<div class=\"brz-wrapper-clone__item\" id=\"ttvpeysgibpbrujjlxihasjlweqjhaeqclxo\"><a class=\"brz-a brz-btn brz-css-xrlVF brz-css-jcd34\" href=\"%7B@brizy_SITE_URL_PLACEHOLDER@%7Dkontakt-und-reservation\/\" target=\"_self\" rel=\"noopener\" data-brz-link-type=\"external\" data-brz-custom-id=\"ttvpeysgibpbrujjlxihasjlweqjhaeqclxo\"><span data-brz-translate-text=\"1\" class=\"brz-span brz-text__editor\">KONTAKTIEREN SIE UNS<\/span><\/a><\/div>\n<\/div>\n<\/div>\n<\/div>\n<\/div>\n<\/div>\n<\/div>\n<\/div>\n<\/div>\n<\/section>\n<\/div>\n<p><!-- version:1774211390 --><\/p>\n","protected":false},"excerpt":{"rendered":"<p>Ausfl&uuml;ge Gehen Sie auf Entdeckungsreise in unserer herrlichen Region, die eine Vielzahl an Ausflugsm&ouml;glichkeiten bietet. Basse Ruche St. Cergue, www.basseruche.ch La Garenne Faune Suisse Le Vaud, www.lagarenne.ch Aquatis, Lausanne, www.aquatis.ch Das gr&ouml;&szlig;te S&uuml;&szlig;wasseraquarium-Vivarium in Europa. Signal de Bougy, www.parc-aventure.ch Ein neues Freizeitkonzept f&uuml;r Gross und Klein, mitten im Wald. JuraParc, www.juraparc.ch In diesem Park sind [&hellip;]<\/p>\n","protected":false},"author":1,"featured_media":0,"parent":0,"menu_order":0,"comment_status":"closed","ping_status":"closed","template":"","meta":{"site-sidebar-layout":"no-sidebar","site-content-layout":"page-builder","ast-site-content-layout":"","site-content-style":"default","site-sidebar-style":"default","ast-global-header-display":"","ast-banner-title-visibility":"","ast-main-header-display":"","ast-hfb-above-header-display":"","ast-hfb-below-header-display":"","ast-hfb-mobile-header-display":"","site-post-title":"disabled","ast-breadcrumbs-content":"","ast-featured-img":"disabled","footer-sml-layout":"","theme-transparent-header-meta":"default","adv-header-id-meta":"","stick-header-meta":"default","header-above-stick-meta":"","header-main-stick-meta":"","header-below-stick-meta":"","astra-migrate-meta-layouts":"default","ast-page-background-enabled":"default","ast-page-background-meta":{"desktop":{"background-color":"","background-image":"","background-repeat":"repeat","background-position":"center center","background-size":"auto","background-attachment":"scroll","background-type":"","background-media":"","overlay-type":"","overlay-color":"","overlay-opacity":"","overlay-gradient":""},"tablet":{"background-color":"","background-image":"","background-repeat":"repeat","background-position":"center center","background-size":"auto","background-attachment":"scroll","background-type":"","background-media":"","overlay-type":"","overlay-color":"","overlay-opacity":"","overlay-gradient":""},"mobile":{"background-color":"","background-image":"","background-repeat":"repeat","background-position":"center center","background-size":"auto","background-attachment":"scroll","background-type":"","background-media":"","overlay-type":"","overlay-color":"","overlay-opacity":"","overlay-gradient":""}},"ast-content-background-meta":{"desktop":{"background-color":"var(--ast-global-color-5)","background-image":"","background-repeat":"repeat","background-position":"center center","background-size":"auto","background-attachment":"scroll","background-type":"","background-media":"","overlay-type":"","overlay-color":"","overlay-opacity":"","overlay-gradient":""},"tablet":{"background-color":"var(--ast-global-color-5)","background-image":"","background-repeat":"repeat","background-position":"center center","background-size":"auto","background-attachment":"scroll","background-type":"","background-media":"","overlay-type":"","overlay-color":"","overlay-opacity":"","overlay-gradient":""},"mobile":{"background-color":"var(--ast-global-color-5)","background-image":"","background-repeat":"repeat","background-position":"center center","background-size":"auto","background-attachment":"scroll","background-type":"","background-media":"","overlay-type":"","overlay-color":"","overlay-opacity":"","overlay-gradient":""}},"footnotes":""},"class_list":["post-31157","page","type-page","status-publish","hentry"],"yoast_head":"<!-- This site is optimized with the Yoast SEO plugin v22.8 - https:\/\/yoast.com\/wordpress\/plugins\/seo\/ -->\n<title>Ausfl\u00fcge: Unser F\u00fchrer zu Ausfl\u00fcgen in den Genfersee - La C\u00e9zille<\/title>\n<meta name=\"description\" content=\"Der Ausflugsf\u00fchrer f\u00fcr Spazierg\u00e4nge in unserer Region des Genfersees und seine reiche Natur bieten Ihnen Vergn\u00fcgen und Entspannung.\" \/>\n<meta name=\"robots\" content=\"index, follow, max-snippet:-1, max-image-preview:large, max-video-preview:-1\" \/>\n<link rel=\"canonical\" href=\"https:\/\/www.la-cezille.ch\/de\/ausfluege\/\" \/>\n<meta property=\"og:locale\" content=\"de_DE\" \/>\n<meta property=\"og:type\" content=\"article\" \/>\n<meta property=\"og:title\" content=\"Ausfl\u00fcge: Unser F\u00fchrer zu Ausfl\u00fcgen in den Genfersee - La C\u00e9zille\" \/>\n<meta property=\"og:description\" content=\"Der Ausflugsf\u00fchrer f\u00fcr Spazierg\u00e4nge in unserer Region des Genfersees und seine reiche Natur bieten Ihnen Vergn\u00fcgen und Entspannung.\" \/>\n<meta property=\"og:url\" content=\"https:\/\/www.la-cezille.ch\/de\/ausfluege\/\" \/>\n<meta property=\"og:site_name\" content=\"La C\u00e9zille\" \/>\n<meta property=\"article:modified_time\" content=\"2026-03-22T20:29:50+00:00\" \/>\n<meta name=\"twitter:card\" content=\"summary_large_image\" \/>\n<meta name=\"twitter:label1\" content=\"Gesch\u00e4tzte Lesezeit\" \/>\n\t<meta name=\"twitter:data1\" content=\"2\u00a0Minuten\" \/>\n<script type=\"application\/ld+json\" class=\"yoast-schema-graph\">{\"@context\":\"https:\/\/schema.org\",\"@graph\":[{\"@type\":\"WebPage\",\"@id\":\"https:\/\/www.la-cezille.ch\/de\/ausfluege\/\",\"url\":\"https:\/\/www.la-cezille.ch\/de\/ausfluege\/\",\"name\":\"Ausfl\u00fcge: Unser F\u00fchrer zu Ausfl\u00fcgen in den Genfersee - La C\u00e9zille\",\"isPartOf\":{\"@id\":\"https:\/\/www.la-cezille.ch\/de\/#website\"},\"datePublished\":\"2020-03-13T09:22:00+00:00\",\"dateModified\":\"2026-03-22T20:29:50+00:00\",\"description\":\"Der Ausflugsf\u00fchrer f\u00fcr Spazierg\u00e4nge in unserer Region des Genfersees und seine reiche Natur bieten Ihnen Vergn\u00fcgen und Entspannung.\",\"breadcrumb\":{\"@id\":\"https:\/\/www.la-cezille.ch\/de\/ausfluege\/#breadcrumb\"},\"inLanguage\":\"de\",\"potentialAction\":[{\"@type\":\"ReadAction\",\"target\":[\"https:\/\/www.la-cezille.ch\/de\/ausfluege\/\"]}]},{\"@type\":\"BreadcrumbList\",\"@id\":\"https:\/\/www.la-cezille.ch\/de\/ausfluege\/#breadcrumb\",\"itemListElement\":[{\"@type\":\"ListItem\",\"position\":1,\"name\":\"Accueil\",\"item\":\"https:\/\/www.la-cezille.ch\/de\/\"},{\"@type\":\"ListItem\",\"position\":2,\"name\":\"Ausfl\u00fcge\"}]},{\"@type\":\"WebSite\",\"@id\":\"https:\/\/www.la-cezille.ch\/de\/#website\",\"url\":\"https:\/\/www.la-cezille.ch\/de\/\",\"name\":\"La C\u00e9zille\",\"description\":\"\",\"publisher\":{\"@id\":\"https:\/\/www.la-cezille.ch\/de\/#organization\"},\"potentialAction\":[{\"@type\":\"SearchAction\",\"target\":{\"@type\":\"EntryPoint\",\"urlTemplate\":\"https:\/\/www.la-cezille.ch\/de\/?s={search_term_string}\"},\"query-input\":\"required name=search_term_string\"}],\"inLanguage\":\"de\"},{\"@type\":\"Organization\",\"@id\":\"https:\/\/www.la-cezille.ch\/de\/#organization\",\"name\":\"La C\u00e9zille\",\"url\":\"https:\/\/www.la-cezille.ch\/de\/\",\"logo\":{\"@type\":\"ImageObject\",\"inLanguage\":\"de\",\"@id\":\"https:\/\/www.la-cezille.ch\/de\/#\/schema\/logo\/image\/\",\"url\":\"https:\/\/www.la-cezille.ch\/wp-content\/uploads\/2019\/11\/La-cezille.png\",\"contentUrl\":\"https:\/\/www.la-cezille.ch\/wp-content\/uploads\/2019\/11\/La-cezille.png\",\"width\":327,\"height\":133,\"caption\":\"La C\u00e9zille\"},\"image\":{\"@id\":\"https:\/\/www.la-cezille.ch\/de\/#\/schema\/logo\/image\/\"}}]}<\/script>\n<!-- \/ Yoast SEO plugin. -->","yoast_head_json":{"title":"Ausfl\u00fcge: Unser F\u00fchrer zu Ausfl\u00fcgen in den Genfersee - La C\u00e9zille","description":"Der Ausflugsf\u00fchrer f\u00fcr Spazierg\u00e4nge in unserer Region des Genfersees und seine reiche Natur bieten Ihnen Vergn\u00fcgen und Entspannung.","robots":{"index":"index","follow":"follow","max-snippet":"max-snippet:-1","max-image-preview":"max-image-preview:large","max-video-preview":"max-video-preview:-1"},"canonical":"https:\/\/www.la-cezille.ch\/de\/ausfluege\/","og_locale":"de_DE","og_type":"article","og_title":"Ausfl\u00fcge: Unser F\u00fchrer zu Ausfl\u00fcgen in den Genfersee - La C\u00e9zille","og_description":"Der Ausflugsf\u00fchrer f\u00fcr Spazierg\u00e4nge in unserer Region des Genfersees und seine reiche Natur bieten Ihnen Vergn\u00fcgen und Entspannung.","og_url":"https:\/\/www.la-cezille.ch\/de\/ausfluege\/","og_site_name":"La C\u00e9zille","article_modified_time":"2026-03-22T20:29:50+00:00","twitter_card":"summary_large_image","twitter_misc":{"Gesch\u00e4tzte Lesezeit":"2\u00a0Minuten"},"schema":{"@context":"https:\/\/schema.org","@graph":[{"@type":"WebPage","@id":"https:\/\/www.la-cezille.ch\/de\/ausfluege\/","url":"https:\/\/www.la-cezille.ch\/de\/ausfluege\/","name":"Ausfl\u00fcge: Unser F\u00fchrer zu Ausfl\u00fcgen in den Genfersee - La C\u00e9zille","isPartOf":{"@id":"https:\/\/www.la-cezille.ch\/de\/#website"},"datePublished":"2020-03-13T09:22:00+00:00","dateModified":"2026-03-22T20:29:50+00:00","description":"Der Ausflugsf\u00fchrer f\u00fcr Spazierg\u00e4nge in unserer Region des Genfersees und seine reiche Natur bieten Ihnen Vergn\u00fcgen und Entspannung.","breadcrumb":{"@id":"https:\/\/www.la-cezille.ch\/de\/ausfluege\/#breadcrumb"},"inLanguage":"de","potentialAction":[{"@type":"ReadAction","target":["https:\/\/www.la-cezille.ch\/de\/ausfluege\/"]}]},{"@type":"BreadcrumbList","@id":"https:\/\/www.la-cezille.ch\/de\/ausfluege\/#breadcrumb","itemListElement":[{"@type":"ListItem","position":1,"name":"Accueil","item":"https:\/\/www.la-cezille.ch\/de\/"},{"@type":"ListItem","position":2,"name":"Ausfl\u00fcge"}]},{"@type":"WebSite","@id":"https:\/\/www.la-cezille.ch\/de\/#website","url":"https:\/\/www.la-cezille.ch\/de\/","name":"La C\u00e9zille","description":"","publisher":{"@id":"https:\/\/www.la-cezille.ch\/de\/#organization"},"potentialAction":[{"@type":"SearchAction","target":{"@type":"EntryPoint","urlTemplate":"https:\/\/www.la-cezille.ch\/de\/?s={search_term_string}"},"query-input":"required name=search_term_string"}],"inLanguage":"de"},{"@type":"Organization","@id":"https:\/\/www.la-cezille.ch\/de\/#organization","name":"La C\u00e9zille","url":"https:\/\/www.la-cezille.ch\/de\/","logo":{"@type":"ImageObject","inLanguage":"de","@id":"https:\/\/www.la-cezille.ch\/de\/#\/schema\/logo\/image\/","url":"https:\/\/www.la-cezille.ch\/wp-content\/uploads\/2019\/11\/La-cezille.png","contentUrl":"https:\/\/www.la-cezille.ch\/wp-content\/uploads\/2019\/11\/La-cezille.png","width":327,"height":133,"caption":"La C\u00e9zille"},"image":{"@id":"https:\/\/www.la-cezille.ch\/de\/#\/schema\/logo\/image\/"}}]}},"_links":{"self":[{"href":"https:\/\/www.la-cezille.ch\/de\/wp-json\/wp\/v2\/pages\/31157","targetHints":{"allow":["GET"]}}],"collection":[{"href":"https:\/\/www.la-cezille.ch\/de\/wp-json\/wp\/v2\/pages"}],"about":[{"href":"https:\/\/www.la-cezille.ch\/de\/wp-json\/wp\/v2\/types\/page"}],"author":[{"embeddable":true,"href":"https:\/\/www.la-cezille.ch\/de\/wp-json\/wp\/v2\/users\/1"}],"replies":[{"embeddable":true,"href":"https:\/\/www.la-cezille.ch\/de\/wp-json\/wp\/v2\/comments?post=31157"}],"version-history":[{"count":0,"href":"https:\/\/www.la-cezille.ch\/de\/wp-json\/wp\/v2\/pages\/31157\/revisions"}],"wp:attachment":[{"href":"https:\/\/www.la-cezille.ch\/de\/wp-json\/wp\/v2\/media?parent=31157"}],"curies":[{"name":"wp","href":"https:\/\/api.w.org\/{rel}","templated":true}]}}