{"id":31194,"date":"2020-03-13T10:30:12","date_gmt":"2020-03-13T09:30:12","guid":{"rendered":"https:\/\/www.la-cezille.ch\/?page_id=31194"},"modified":"2026-03-22T21:29:42","modified_gmt":"2026-03-22T20:29:42","slug":"ausstattung","status":"publish","type":"page","link":"https:\/\/www.la-cezille.ch\/de\/ausstattung\/","title":{"rendered":"Ausstattung"},"content":{"rendered":"<div class=\"brz-root__container brz-reset-all\">\n<section id=\"lxeozfefsuxofmqrribxfxeodgvbfvpuritf\" class=\"brz-section brz-css-kYISs\">\n<div class=\"brz-section__content brz-section--boxed brz-css-mWO0T brz-css-wHvun\" data-brz-custom-id=\"pkdsxvrzomhsjidribzlvilkuwautfkumqco\">\n<div class=\"brz-bg\">\n<div class=\"brz-bg-image\"><\/div>\n<\/div>\n<div class=\"brz-container brz-css-qEt53\">\n<div class=\"brz-row__container brz-css-e2VH6\" data-brz-custom-id=\"rktyajeizekegctzvjearwnvnprmltkryxka\">\n<div class=\"brz-bg\"><\/div>\n<div class=\"brz-row brz-css-gmWk4 brz-css-rLlyj\">\n<div class=\"brz-columns brz-css-m57O7 brz-css-zumR3\" data-brz-custom-id=\"zcpfpxemrswmthtktgknxlkaachwexzgyjyv\">\n<div class=\"brz-bg\"><\/div>\n<div class=\"brz-column__items brz-css-xHbTJ brz-css-lzCDt\">\n<div id class=\"brz-css-npMwR brz-wrapper\">\n<div class=\"brz-rich-text brz-rich-text__custom brz-css-yOccN\" data-brz-custom-id=\"zmbuufzferjotkghvxmciuxubcmuizmlhfjv\">\n<div data-brz-translate-text=\"1\">\n<h1 class=\"brz-text-lg-center brz-ff-montserrat brz-fw-xs-im-700 brz-fw-sm-im-700 brz-fw-lg-700 brz-ft-google brz-ls-xs-im-m_1 brz-ls-sm-im-m_1 brz-ls-lg-m_1_5 brz-fs-xs-im-36 brz-fs-sm-im-38 brz-fs-lg-46 brz-lh-xs-im-1_3 brz-lh-sm-im-1_2 brz-lh-lg-1_3 brz-text-xs-center brz-css-tqP8P\"><span class=\"brz-cp-color8\">Ausstattung<\/span><\/h1>\n<\/div>\n<\/div>\n<\/div>\n<div id class=\"brz-css-npMwR brz-css-nOC6O brz-wrapper\">\n<div class=\"brz-spacer brz-css-fNh5V brz-css-oTj6d\"><\/div>\n<\/div>\n<\/div>\n<\/div>\n<\/div>\n<\/div>\n<\/div>\n<\/div>\n<\/section>\n<section id=\"iutvgjjqqgdememjsitouuezwuobltpmqvyk\" class=\"brz-section brz-css-kYISs\">\n<div class=\"brz-section__content brz-section--boxed brz-css-mWO0T brz-css-dIpat\" data-brz-custom-id=\"uzegqpidmdtdyjplsjkwjlqgkqrwpuustgpe\">\n<div class=\"brz-bg\">\n<div class=\"brz-bg-color\"><\/div>\n<\/div>\n<div class=\"brz-container brz-css-qEt53 brz-css-xkuEu\">\n<div id class=\"brz-css-npMwR brz-css-lIyHQ brz-wrapper\">\n<div class=\"brz-rich-text brz-rich-text__custom brz-css-yOccN\" data-brz-custom-id=\"elwtebvuymerwhdsgvsxugfaogesiifcwvgn\">\n<div data-brz-translate-text=\"1\">\n<h2 class=\"brz-fs-xs-im-22 brz-fs-sm-im-24 brz-fs-lg-30 brz-fw-lg-400 brz-ft-google brz-ff-montserrat brz-ls-xs-im-m_1 brz-ls-sm-im-m_1 brz-ls-lg-m_1 brz-lh-xs-im-1_3 brz-lh-sm-im-1_2 brz-lh-lg-1_3 brz-text-lg-center brz-fw-xs-400 brz-fw-sm-400 brz-css-yWN2N\">Das Hauptgeb&auml;ude verf&uuml;gt &uuml;ber 4 Schlafs&auml;le mit insgesamt 50 Betten. Im Nebengeb&auml;ude &laquo; Pavillon &raquo; befinden sich 11 &#8211; 2 Bett-Zimmer.<\/h2>\n<\/div>\n<\/div>\n<\/div>\n<div id class=\"brz-css-npMwR brz-css-nOC6O brz-css-vUYpZ brz-wrapper\">\n<div class=\"brz-spacer brz-css-fNh5V brz-css-l_N2x\"><\/div>\n<\/div>\n<div id class=\"brz-css-npMwR brz-css-gVhWY brz-wrapper\">\n<div class=\"brz-rich-text brz-rich-text__custom brz-css-yOccN\" data-brz-custom-id=\"yvbfqpxzzicivhwtpdeevpvstatspinafald\">\n<div data-brz-translate-text=\"1\">\n<p class=\"brz-tp-paragraph brz-text-lg-justify brz-css-xUrdp\"><span class=\"brz-cp-color7\">Die Anlage kann vollst&auml;ndig oder teilweise reserviert werden. Reservationen sind ganzj&auml;hrig m&ouml;glich ausgenommen im Juli und im August. (Diese Monate sind f&uuml;r Ferienkolonien reserviert.) Die vollst&auml;ndig ausgestattete K&uuml;che sowie der Speisesaal der bis zu 100 Personen fassen kann und der grossz&uuml;gige Aufenthaltsraum erm&ouml;glichen einen reibungslosen Aufenthalt.<\/span><\/p>\n<\/div>\n<\/div>\n<\/div>\n<div id class=\"brz-css-npMwR brz-css-nOC6O brz-wrapper\">\n<div class=\"brz-spacer brz-css-fNh5V brz-css-goxgo\"><\/div>\n<\/div>\n<\/div>\n<\/div>\n<\/section>\n<section id=\"govirsnpfgzhjirbfyagykquikpwtodiroag\" class=\"brz-section brz-css-kYISs\">\n<div class=\"brz-section__content brz-section--boxed brz-css-mWO0T brz-css-rtJ5X\" data-brz-custom-id=\"oavgsqxemiwtrdhailyyfvvjuttpcxtanckz\">\n<div class=\"brz-bg\">\n<div class=\"brz-bg-color\"><\/div>\n<\/div>\n<div class=\"brz-container brz-css-qEt53 brz-css-sPjmX\">\n<div id class=\"brz-css-npMwR brz-css-vs3Cw brz-wrapper\">\n<div class=\"brz-image__gallery\" data-brz-custom-id=\"adhnyemgeqoxyictlwyphnucwvqjlsvjsela\">\n<div class=\"brz-image__gallery-container\">\n<div class=\"brz-image__gallery-wrapper brz-d-xs-flex brz-flex-xs-wrap brz-image__gallery-masonry brz-image__gallery-lightbox brz-css-lec8F brz-css-ueLSH\" data-settings=\"%7B%22type%22%3A%22masonry%22%2C%22settings%22%3A%7B%22itemSelector%22%3A%22.brz-image__gallery-item%22%2C%22masonry%22%3A%7B%22columnWidth%22%3A%22.brz-image__gallery-item%22%7D%7D%7D\">\n<div class=\"brz-image__gallery-item\">\n<div class=\"brz-image brz-css-iMBg4\" data-brz-custom-id=\"nlkxemzdhknyurkxctuiordfyeopdfkpujum\"><a class=\"brz-a\" href=\"%7B@brizy_SITE_URL_PLACEHOLDER@%7D\/?brizy_media=wp-94fe78eb66791c3102983073c1ff469d&amp;brizy_crop=iW%3D5000%26iH%3Dany\" target=\"_self\" rel=\"noopener\" data-brz-link-type=\"lightBox\"><img decoding=\"async\" class=\"brz-img\" src=\"%7B@brizy_SITE_URL_PLACEHOLDER@%7D\/?brizy_media=wp-94fe78eb66791c3102983073c1ff469d&amp;brizy_crop=iW%3D366%26iH%3D244%26oX%3D55%26oY%3D0%26cW%3D256%26cH%3D244\" alt=\"\" loading=\"lazy\"><\/a><\/div>\n<\/div>\n<div class=\"brz-image__gallery-item\">\n<div class=\"brz-image brz-css-aD03A\" data-brz-custom-id=\"qmxfbcqulcollijtuvxpkefzjreormqexeux\"><a class=\"brz-a\" href=\"%7B@brizy_SITE_URL_PLACEHOLDER@%7D\/?brizy_media=wp-b44a354b5150a37bdbffd886ef2bd2b4&amp;brizy_crop=iW%3D5000%26iH%3Dany\" target=\"_self\" rel=\"noopener\" data-brz-link-type=\"lightBox\"><img decoding=\"async\" class=\"brz-img\" src=\"%7B@brizy_SITE_URL_PLACEHOLDER@%7D\/?brizy_media=wp-b44a354b5150a37bdbffd886ef2bd2b4&amp;brizy_crop=iW%3D366%26iH%3D244%26oX%3D55%26oY%3D0%26cW%3D256%26cH%3D244\" alt=\"\" loading=\"lazy\"><\/a><\/div>\n<\/div>\n<div class=\"brz-image__gallery-item\">\n<div class=\"brz-image brz-css-yCaD8\" data-brz-custom-id=\"bjptxhrcikujhtxgiegyljareizhkvdoumka\"><a class=\"brz-a\" href=\"%7B@brizy_SITE_URL_PLACEHOLDER@%7D\/?brizy_media=wp-855f32064a790567d36151f0534ba2fd&amp;brizy_crop=iW%3D5000%26iH%3Dany\" target=\"_self\" rel=\"noopener\" data-brz-link-type=\"lightBox\"><img decoding=\"async\" class=\"brz-img\" src=\"%7B@brizy_SITE_URL_PLACEHOLDER@%7D\/?brizy_media=wp-855f32064a790567d36151f0534ba2fd&amp;brizy_crop=iW%3D363%26iH%3D242%26oX%3D54%26oY%3D0%26cW%3D256%26cH%3D242\" alt=\"\" loading=\"lazy\"><\/a><\/div>\n<\/div>\n<div class=\"brz-image__gallery-item\">\n<div class=\"brz-image brz-css-s4udx\" data-brz-custom-id=\"owhnknofuhwqswtxklfqgdomcujcdavjtlvs\"><a class=\"brz-a\" href=\"%7B@brizy_SITE_URL_PLACEHOLDER@%7D\/?brizy_media=wp-38c8dc3ca814f47d8a0e955fd3629b70&amp;brizy_crop=iW%3D5000%26iH%3Dany\" target=\"_self\" rel=\"noopener\" data-brz-link-type=\"lightBox\"><img decoding=\"async\" class=\"brz-img\" src=\"%7B@brizy_SITE_URL_PLACEHOLDER@%7D\/?brizy_media=wp-38c8dc3ca814f47d8a0e955fd3629b70&amp;brizy_crop=iW%3D366%26iH%3D244%26oX%3D55%26oY%3D0%26cW%3D256%26cH%3D244\" alt=\"\" loading=\"lazy\"><\/a><\/div>\n<\/div>\n<div class=\"brz-image__gallery-item\">\n<div class=\"brz-image brz-css-qXLXn\" data-brz-custom-id=\"mqyfanbdpjrotajqsdncudnvmabrrvwmcidu\"><a class=\"brz-a\" href=\"%7B@brizy_SITE_URL_PLACEHOLDER@%7D\/?brizy_media=wp-44fee8710c2ebcff496b76e64ef29bcf&amp;brizy_crop=iW%3D5000%26iH%3Dany\" target=\"_self\" rel=\"noopener\" data-brz-link-type=\"lightBox\"><img decoding=\"async\" class=\"brz-img\" src=\"%7B@brizy_SITE_URL_PLACEHOLDER@%7D\/?brizy_media=wp-44fee8710c2ebcff496b76e64ef29bcf&amp;brizy_crop=iW%3D338%26iH%3D225%26oX%3D41%26oY%3D0%26cW%3D256%26cH%3D225\" alt=\"\" loading=\"lazy\"><\/a><\/div>\n<\/div>\n<div class=\"brz-image__gallery-item\">\n<div class=\"brz-image brz-css-lybCz\" data-brz-custom-id=\"vrarpftayxkfmvbympvwcfvoieeebsrgfdrr\"><a class=\"brz-a\" href=\"%7B@brizy_SITE_URL_PLACEHOLDER@%7D\/?brizy_media=wp-d58f7a6be679ec1d56645d2ee4c16467&amp;brizy_crop=iW%3D5000%26iH%3Dany\" target=\"_self\" rel=\"noopener\" data-brz-link-type=\"lightBox\"><img decoding=\"async\" class=\"brz-img\" src=\"%7B@brizy_SITE_URL_PLACEHOLDER@%7D\/?brizy_media=wp-d58f7a6be679ec1d56645d2ee4c16467&amp;brizy_crop=iW%3D333%26iH%3D222%26oX%3D38%26oY%3D0%26cW%3D256%26cH%3D222\" alt=\"\" loading=\"lazy\"><\/a><\/div>\n<\/div>\n<div class=\"brz-image__gallery-item\">\n<div class=\"brz-image brz-css-wU_UK\" data-brz-custom-id=\"bpozovdkgpqqhktccyywmkmdadyotggpuheb\"><a class=\"brz-a\" href=\"%7B@brizy_SITE_URL_PLACEHOLDER@%7D\/?brizy_media=wp-541b9e786578782d85a2c8600fe3e59d&amp;brizy_crop=iW%3D5000%26iH%3Dany\" target=\"_self\" rel=\"noopener\" data-brz-link-type=\"lightBox\"><img decoding=\"async\" class=\"brz-img\" src=\"%7B@brizy_SITE_URL_PLACEHOLDER@%7D\/?brizy_media=wp-541b9e786578782d85a2c8600fe3e59d&amp;brizy_crop=iW%3D333%26iH%3D222%26oX%3D38%26oY%3D0%26cW%3D256%26cH%3D222\" alt=\"\" loading=\"lazy\"><\/a><\/div>\n<\/div>\n<div class=\"brz-image__gallery-item\">\n<div class=\"brz-image brz-css-z29DO\" data-brz-custom-id=\"dkjxmatuinjniiydpcjjzanhlorysunwokfs\"><a class=\"brz-a\" href=\"%7B@brizy_SITE_URL_PLACEHOLDER@%7D\/?brizy_media=wp-93fd701e02c46782c8bb5edea876c8d2&amp;brizy_crop=iW%3D5000%26iH%3Dany\" target=\"_self\" rel=\"noopener\" data-brz-link-type=\"lightBox\"><img decoding=\"async\" class=\"brz-img\" src=\"%7B@brizy_SITE_URL_PLACEHOLDER@%7D\/?brizy_media=wp-93fd701e02c46782c8bb5edea876c8d2&amp;brizy_crop=iW%3D333%26iH%3D222%26oX%3D38%26oY%3D0%26cW%3D256%26cH%3D222\" alt=\"\" loading=\"lazy\"><\/a><\/div>\n<\/div>\n<div class=\"brz-image__gallery-item\">\n<div class=\"brz-image brz-css-h8UGp\" data-brz-custom-id=\"izycxivoocrrnhbuxppmgtvbbsxuhcfzkcsg\"><a class=\"brz-a\" href=\"%7B@brizy_SITE_URL_PLACEHOLDER@%7D\/?brizy_media=wp-c5f0ae99b43b37c1855dcc2fcbe0926c&amp;brizy_crop=iW%3D5000%26iH%3Dany\" target=\"_self\" rel=\"noopener\" data-brz-link-type=\"lightBox\"><img decoding=\"async\" class=\"brz-img\" src=\"%7B@brizy_SITE_URL_PLACEHOLDER@%7D\/?brizy_media=wp-c5f0ae99b43b37c1855dcc2fcbe0926c&amp;brizy_crop=iW%3D333%26iH%3D222%26oX%3D38%26oY%3D0%26cW%3D256%26cH%3D222\" alt=\"\" loading=\"lazy\"><\/a><\/div>\n<\/div>\n<div class=\"brz-image__gallery-item\">\n<div class=\"brz-image brz-css-kkDTq\" data-brz-custom-id=\"lxctefzkdsrlvzdyzwiawjipckqnjghljfbz\"><a class=\"brz-a\" href=\"%7B@brizy_SITE_URL_PLACEHOLDER@%7D\/?brizy_media=wp-e7c0b620293cac2d279b9a06347a8c14&amp;brizy_crop=iW%3D5000%26iH%3Dany\" target=\"_self\" rel=\"noopener\" data-brz-link-type=\"lightBox\"><img decoding=\"async\" class=\"brz-img\" src=\"%7B@brizy_SITE_URL_PLACEHOLDER@%7D\/?brizy_media=wp-e7c0b620293cac2d279b9a06347a8c14&amp;brizy_crop=iW%3D333%26iH%3D222%26oX%3D38%26oY%3D0%26cW%3D256%26cH%3D222\" alt=\"\" loading=\"lazy\"><\/a><\/div>\n<\/div>\n<div class=\"brz-image__gallery-item\">\n<div class=\"brz-image brz-css-anyPV\" data-brz-custom-id=\"kwtzhqpwzjjtqnjnaassjayopgddqxxrsntd\"><a class=\"brz-a\" href=\"%7B@brizy_SITE_URL_PLACEHOLDER@%7D\/?brizy_media=wp-6a6589dc8b6b22ac19c562b78a9265f4&amp;brizy_crop=iW%3D5000%26iH%3Dany\" target=\"_self\" rel=\"noopener\" data-brz-link-type=\"lightBox\"><img decoding=\"async\" class=\"brz-img\" src=\"%7B@brizy_SITE_URL_PLACEHOLDER@%7D\/?brizy_media=wp-6a6589dc8b6b22ac19c562b78a9265f4&amp;brizy_crop=iW%3D333%26iH%3D222%26oX%3D38%26oY%3D0%26cW%3D256%26cH%3D222\" alt=\"\" loading=\"lazy\"><\/a><\/div>\n<\/div>\n<div class=\"brz-image__gallery-item\">\n<div class=\"brz-image brz-css-me7Zi\" data-brz-custom-id=\"yfrgobfgynbtviijkrotdjbgdtgqczythqzs\"><a class=\"brz-a\" href=\"%7B@brizy_SITE_URL_PLACEHOLDER@%7D\/?brizy_media=wp-c17002686c6014f0a8b3e7b788f40994&amp;brizy_crop=iW%3D5000%26iH%3Dany\" target=\"_self\" rel=\"noopener\" data-brz-link-type=\"lightBox\"><img decoding=\"async\" class=\"brz-img\" src=\"%7B@brizy_SITE_URL_PLACEHOLDER@%7D\/?brizy_media=wp-c17002686c6014f0a8b3e7b788f40994&amp;brizy_crop=iW%3D333%26iH%3D222%26oX%3D38%26oY%3D0%26cW%3D256%26cH%3D222\" alt=\"\" loading=\"lazy\"><\/a><\/div>\n<\/div>\n<\/div>\n<\/div>\n<\/div>\n<\/div>\n<div class=\"brz-wrapper-clone brz-css-fdl_n\">\n<div class=\"brz-d-xs-flex brz-flex-xs-wrap brz-css-bI1SN\" data-brz-custom-id>\n<div class=\"brz-wrapper-clone__item\" id=\"jcbrgcojdusguglxnkoekpsgmljjcvzcnemu\"><a class=\"brz-a brz-btn brz-css-lr5ni brz-css-cs5uH\" href=\"%7B@brizy_SITE_URL_PLACEHOLDER@%7Dfotogalerie\/\" target=\"_self\" rel=\"noopener\" data-brz-link-type=\"external\" data-brz-custom-id=\"jcbrgcojdusguglxnkoekpsgmljjcvzcnemu\"><span data-brz-translate-text=\"1\" class=\"brz-span brz-text__editor\">HIER GEHT ES ZUR FOTOGALERIE<\/span><\/a><\/div>\n<\/div>\n<\/div>\n<\/div>\n<\/div>\n<\/section>\n<section id=\"tzwccawasaficgzorkdjqqnloeqzzrsuvvqb\" class=\"brz-section brz-css-kYISs\">\n<div class=\"brz-section__content brz-section--boxed brz-css-mWO0T brz-css-parxM\" data-brz-custom-id=\"rmqdujvhlbuvvlgkkpjafnmcsevdtudqojjw\">\n<div class=\"brz-bg\">\n<div class=\"brz-bg-color\"><\/div>\n<\/div>\n<div class=\"brz-container brz-css-qEt53\">\n<div class=\"brz-row__container brz-css-e2VH6\" data-brz-custom-id=\"ndtswxvwrxxuiyucjwsinfixbhfjjzjfpiij\">\n<div class=\"brz-bg\"><\/div>\n<div class=\"brz-row brz-css-gmWk4 brz-css-rLlyj\">\n<div class=\"brz-columns brz-css-m57O7\" data-brz-custom-id=\"hjtqdbhtvdfldsbtcjwcindhylgufbfpktul\">\n<div class=\"brz-bg\"><\/div>\n<div class=\"brz-column__items brz-css-xHbTJ brz-css-tKUKy\">\n<div id class=\"brz-css-npMwR brz-wrapper\">\n<div class=\"brz-rich-text brz-rich-text__custom brz-css-yOccN\" data-brz-custom-id=\"coeecjrqahrbispbqxijfwbuepmkebuwwhyt\">\n<div data-brz-translate-text=\"1\">\n<h3 class=\"brz-text-xs-center brz-tp-heading3 brz-fw-xs-600 brz-ls-xs-0_5 brz-css-vOeud\"><span class=\"brz-cp-color8\">Ben&ouml;tigen Sie eine Auskunft oder eine Reservation ?<\/span><\/h3>\n<\/div>\n<\/div>\n<\/div>\n<\/div>\n<\/div>\n<div class=\"brz-columns brz-css-m57O7\" data-brz-custom-id=\"wlconiukumrthtweprypqgbokdazfbyrqpse\">\n<div class=\"brz-bg\"><\/div>\n<div class=\"brz-column__items brz-css-xHbTJ\">\n<div class=\"brz-wrapper-clone brz-css-fdl_n\">\n<div class=\"brz-d-xs-flex brz-flex-xs-wrap brz-css-bI1SN\" data-brz-custom-id>\n<div class=\"brz-wrapper-clone__item\" id=\"bmxfwulvymlonyktaovsalbeuxylrzpzlwpw\"><a class=\"brz-a brz-btn brz-css-lr5ni brz-css-ozt2P\" href=\"%7B@brizy_SITE_URL_PLACEHOLDER@%7Dkontakt-und-reservation\/\" target=\"_self\" rel=\"noopener\" data-brz-link-type=\"external\" data-brz-custom-id=\"bmxfwulvymlonyktaovsalbeuxylrzpzlwpw\"><span data-brz-translate-text=\"1\" class=\"brz-span brz-text__editor\">KONTAKTIEREN SIE UNS<\/span><\/a><\/div>\n<\/div>\n<\/div>\n<\/div>\n<\/div>\n<\/div>\n<\/div>\n<\/div>\n<\/div>\n<\/section>\n<\/div>\n<p><!-- version:1774211382 --><\/p>\n","protected":false},"excerpt":{"rendered":"<p>Ausstattung Das Hauptgeb&auml;ude verf&uuml;gt &uuml;ber 4 Schlafs&auml;le mit insgesamt 50 Betten. Im Nebengeb&auml;ude &laquo; Pavillon &raquo; befinden sich 11 &#8211; 2 Bett-Zimmer. Die Anlage kann vollst&auml;ndig oder teilweise reserviert werden. Reservationen sind ganzj&auml;hrig m&ouml;glich ausgenommen im Juli und im August. (Diese Monate sind f&uuml;r Ferienkolonien reserviert.) Die vollst&auml;ndig ausgestattete K&uuml;che sowie der Speisesaal der bis [&hellip;]<\/p>\n","protected":false},"author":1,"featured_media":0,"parent":0,"menu_order":0,"comment_status":"closed","ping_status":"closed","template":"","meta":{"site-sidebar-layout":"no-sidebar","site-content-layout":"page-builder","ast-site-content-layout":"","site-content-style":"default","site-sidebar-style":"default","ast-global-header-display":"","ast-banner-title-visibility":"","ast-main-header-display":"","ast-hfb-above-header-display":"","ast-hfb-below-header-display":"","ast-hfb-mobile-header-display":"","site-post-title":"disabled","ast-breadcrumbs-content":"","ast-featured-img":"disabled","footer-sml-layout":"","theme-transparent-header-meta":"default","adv-header-id-meta":"","stick-header-meta":"default","header-above-stick-meta":"","header-main-stick-meta":"","header-below-stick-meta":"","astra-migrate-meta-layouts":"default","ast-page-background-enabled":"default","ast-page-background-meta":{"desktop":{"background-color":"","background-image":"","background-repeat":"repeat","background-position":"center center","background-size":"auto","background-attachment":"scroll","background-type":"","background-media":"","overlay-type":"","overlay-color":"","overlay-opacity":"","overlay-gradient":""},"tablet":{"background-color":"","background-image":"","background-repeat":"repeat","background-position":"center center","background-size":"auto","background-attachment":"scroll","background-type":"","background-media":"","overlay-type":"","overlay-color":"","overlay-opacity":"","overlay-gradient":""},"mobile":{"background-color":"","background-image":"","background-repeat":"repeat","background-position":"center center","background-size":"auto","background-attachment":"scroll","background-type":"","background-media":"","overlay-type":"","overlay-color":"","overlay-opacity":"","overlay-gradient":""}},"ast-content-background-meta":{"desktop":{"background-color":"var(--ast-global-color-5)","background-image":"","background-repeat":"repeat","background-position":"center center","background-size":"auto","background-attachment":"scroll","background-type":"","background-media":"","overlay-type":"","overlay-color":"","overlay-opacity":"","overlay-gradient":""},"tablet":{"background-color":"var(--ast-global-color-5)","background-image":"","background-repeat":"repeat","background-position":"center center","background-size":"auto","background-attachment":"scroll","background-type":"","background-media":"","overlay-type":"","overlay-color":"","overlay-opacity":"","overlay-gradient":""},"mobile":{"background-color":"var(--ast-global-color-5)","background-image":"","background-repeat":"repeat","background-position":"center center","background-size":"auto","background-attachment":"scroll","background-type":"","background-media":"","overlay-type":"","overlay-color":"","overlay-opacity":"","overlay-gradient":""}},"footnotes":""},"class_list":["post-31194","page","type-page","status-publish","hentry"],"yoast_head":"<!-- This site is optimized with the Yoast SEO plugin v22.8 - https:\/\/yoast.com\/wordpress\/plugins\/seo\/ -->\n<title>Ausstattung unseres Ferienzentrums: 50 Betten in 4 Schlafs\u00e4len<\/title>\n<meta name=\"description\" content=\"Die Ausstattung des Ferienzentrums La C\u00e9zille besteht aus einem Hauptgeb\u00e4ude mit 50 Betten, das in 4 Schlafs\u00e4le unterteilt ist. Der Nebenpavillon umfasst ..\" \/>\n<meta name=\"robots\" content=\"index, follow, max-snippet:-1, max-image-preview:large, max-video-preview:-1\" \/>\n<link rel=\"canonical\" href=\"https:\/\/www.la-cezille.ch\/de\/ausstattung\/\" \/>\n<meta property=\"og:locale\" content=\"de_DE\" \/>\n<meta property=\"og:type\" content=\"article\" \/>\n<meta property=\"og:title\" content=\"Ausstattung unseres Ferienzentrums: 50 Betten in 4 Schlafs\u00e4len\" \/>\n<meta property=\"og:description\" content=\"Die Ausstattung des Ferienzentrums La C\u00e9zille besteht aus einem Hauptgeb\u00e4ude mit 50 Betten, das in 4 Schlafs\u00e4le unterteilt ist. Der Nebenpavillon umfasst ..\" \/>\n<meta property=\"og:url\" content=\"https:\/\/www.la-cezille.ch\/de\/ausstattung\/\" \/>\n<meta property=\"og:site_name\" content=\"La C\u00e9zille\" \/>\n<meta property=\"article:modified_time\" content=\"2026-03-22T20:29:42+00:00\" \/>\n<meta name=\"twitter:card\" content=\"summary_large_image\" \/>\n<meta name=\"twitter:label1\" content=\"Gesch\u00e4tzte Lesezeit\" \/>\n\t<meta name=\"twitter:data1\" content=\"1\u00a0Minute\" \/>\n<script type=\"application\/ld+json\" class=\"yoast-schema-graph\">{\"@context\":\"https:\/\/schema.org\",\"@graph\":[{\"@type\":\"WebPage\",\"@id\":\"https:\/\/www.la-cezille.ch\/de\/ausstattung\/\",\"url\":\"https:\/\/www.la-cezille.ch\/de\/ausstattung\/\",\"name\":\"Ausstattung unseres Ferienzentrums: 50 Betten in 4 Schlafs\u00e4len\",\"isPartOf\":{\"@id\":\"https:\/\/www.la-cezille.ch\/de\/#website\"},\"datePublished\":\"2020-03-13T09:30:12+00:00\",\"dateModified\":\"2026-03-22T20:29:42+00:00\",\"description\":\"Die Ausstattung des Ferienzentrums La C\u00e9zille besteht aus einem Hauptgeb\u00e4ude mit 50 Betten, das in 4 Schlafs\u00e4le unterteilt ist. Der Nebenpavillon umfasst ..\",\"breadcrumb\":{\"@id\":\"https:\/\/www.la-cezille.ch\/de\/ausstattung\/#breadcrumb\"},\"inLanguage\":\"de\",\"potentialAction\":[{\"@type\":\"ReadAction\",\"target\":[\"https:\/\/www.la-cezille.ch\/de\/ausstattung\/\"]}]},{\"@type\":\"BreadcrumbList\",\"@id\":\"https:\/\/www.la-cezille.ch\/de\/ausstattung\/#breadcrumb\",\"itemListElement\":[{\"@type\":\"ListItem\",\"position\":1,\"name\":\"Accueil\",\"item\":\"https:\/\/www.la-cezille.ch\/de\/\"},{\"@type\":\"ListItem\",\"position\":2,\"name\":\"Ausstattung\"}]},{\"@type\":\"WebSite\",\"@id\":\"https:\/\/www.la-cezille.ch\/de\/#website\",\"url\":\"https:\/\/www.la-cezille.ch\/de\/\",\"name\":\"La C\u00e9zille\",\"description\":\"\",\"publisher\":{\"@id\":\"https:\/\/www.la-cezille.ch\/de\/#organization\"},\"potentialAction\":[{\"@type\":\"SearchAction\",\"target\":{\"@type\":\"EntryPoint\",\"urlTemplate\":\"https:\/\/www.la-cezille.ch\/de\/?s={search_term_string}\"},\"query-input\":\"required name=search_term_string\"}],\"inLanguage\":\"de\"},{\"@type\":\"Organization\",\"@id\":\"https:\/\/www.la-cezille.ch\/de\/#organization\",\"name\":\"La C\u00e9zille\",\"url\":\"https:\/\/www.la-cezille.ch\/de\/\",\"logo\":{\"@type\":\"ImageObject\",\"inLanguage\":\"de\",\"@id\":\"https:\/\/www.la-cezille.ch\/de\/#\/schema\/logo\/image\/\",\"url\":\"https:\/\/www.la-cezille.ch\/wp-content\/uploads\/2019\/11\/La-cezille.png\",\"contentUrl\":\"https:\/\/www.la-cezille.ch\/wp-content\/uploads\/2019\/11\/La-cezille.png\",\"width\":327,\"height\":133,\"caption\":\"La C\u00e9zille\"},\"image\":{\"@id\":\"https:\/\/www.la-cezille.ch\/de\/#\/schema\/logo\/image\/\"}}]}<\/script>\n<!-- \/ Yoast SEO plugin. -->","yoast_head_json":{"title":"Ausstattung unseres Ferienzentrums: 50 Betten in 4 Schlafs\u00e4len","description":"Die Ausstattung des Ferienzentrums La C\u00e9zille besteht aus einem Hauptgeb\u00e4ude mit 50 Betten, das in 4 Schlafs\u00e4le unterteilt ist. Der Nebenpavillon umfasst ..","robots":{"index":"index","follow":"follow","max-snippet":"max-snippet:-1","max-image-preview":"max-image-preview:large","max-video-preview":"max-video-preview:-1"},"canonical":"https:\/\/www.la-cezille.ch\/de\/ausstattung\/","og_locale":"de_DE","og_type":"article","og_title":"Ausstattung unseres Ferienzentrums: 50 Betten in 4 Schlafs\u00e4len","og_description":"Die Ausstattung des Ferienzentrums La C\u00e9zille besteht aus einem Hauptgeb\u00e4ude mit 50 Betten, das in 4 Schlafs\u00e4le unterteilt ist. Der Nebenpavillon umfasst ..","og_url":"https:\/\/www.la-cezille.ch\/de\/ausstattung\/","og_site_name":"La C\u00e9zille","article_modified_time":"2026-03-22T20:29:42+00:00","twitter_card":"summary_large_image","twitter_misc":{"Gesch\u00e4tzte Lesezeit":"1\u00a0Minute"},"schema":{"@context":"https:\/\/schema.org","@graph":[{"@type":"WebPage","@id":"https:\/\/www.la-cezille.ch\/de\/ausstattung\/","url":"https:\/\/www.la-cezille.ch\/de\/ausstattung\/","name":"Ausstattung unseres Ferienzentrums: 50 Betten in 4 Schlafs\u00e4len","isPartOf":{"@id":"https:\/\/www.la-cezille.ch\/de\/#website"},"datePublished":"2020-03-13T09:30:12+00:00","dateModified":"2026-03-22T20:29:42+00:00","description":"Die Ausstattung des Ferienzentrums La C\u00e9zille besteht aus einem Hauptgeb\u00e4ude mit 50 Betten, das in 4 Schlafs\u00e4le unterteilt ist. Der Nebenpavillon umfasst ..","breadcrumb":{"@id":"https:\/\/www.la-cezille.ch\/de\/ausstattung\/#breadcrumb"},"inLanguage":"de","potentialAction":[{"@type":"ReadAction","target":["https:\/\/www.la-cezille.ch\/de\/ausstattung\/"]}]},{"@type":"BreadcrumbList","@id":"https:\/\/www.la-cezille.ch\/de\/ausstattung\/#breadcrumb","itemListElement":[{"@type":"ListItem","position":1,"name":"Accueil","item":"https:\/\/www.la-cezille.ch\/de\/"},{"@type":"ListItem","position":2,"name":"Ausstattung"}]},{"@type":"WebSite","@id":"https:\/\/www.la-cezille.ch\/de\/#website","url":"https:\/\/www.la-cezille.ch\/de\/","name":"La C\u00e9zille","description":"","publisher":{"@id":"https:\/\/www.la-cezille.ch\/de\/#organization"},"potentialAction":[{"@type":"SearchAction","target":{"@type":"EntryPoint","urlTemplate":"https:\/\/www.la-cezille.ch\/de\/?s={search_term_string}"},"query-input":"required name=search_term_string"}],"inLanguage":"de"},{"@type":"Organization","@id":"https:\/\/www.la-cezille.ch\/de\/#organization","name":"La C\u00e9zille","url":"https:\/\/www.la-cezille.ch\/de\/","logo":{"@type":"ImageObject","inLanguage":"de","@id":"https:\/\/www.la-cezille.ch\/de\/#\/schema\/logo\/image\/","url":"https:\/\/www.la-cezille.ch\/wp-content\/uploads\/2019\/11\/La-cezille.png","contentUrl":"https:\/\/www.la-cezille.ch\/wp-content\/uploads\/2019\/11\/La-cezille.png","width":327,"height":133,"caption":"La C\u00e9zille"},"image":{"@id":"https:\/\/www.la-cezille.ch\/de\/#\/schema\/logo\/image\/"}}]}},"_links":{"self":[{"href":"https:\/\/www.la-cezille.ch\/de\/wp-json\/wp\/v2\/pages\/31194","targetHints":{"allow":["GET"]}}],"collection":[{"href":"https:\/\/www.la-cezille.ch\/de\/wp-json\/wp\/v2\/pages"}],"about":[{"href":"https:\/\/www.la-cezille.ch\/de\/wp-json\/wp\/v2\/types\/page"}],"author":[{"embeddable":true,"href":"https:\/\/www.la-cezille.ch\/de\/wp-json\/wp\/v2\/users\/1"}],"replies":[{"embeddable":true,"href":"https:\/\/www.la-cezille.ch\/de\/wp-json\/wp\/v2\/comments?post=31194"}],"version-history":[{"count":0,"href":"https:\/\/www.la-cezille.ch\/de\/wp-json\/wp\/v2\/pages\/31194\/revisions"}],"wp:attachment":[{"href":"https:\/\/www.la-cezille.ch\/de\/wp-json\/wp\/v2\/media?parent=31194"}],"curies":[{"name":"wp","href":"https:\/\/api.w.org\/{rel}","templated":true}]}}