{"id":31279,"date":"2020-03-13T10:44:46","date_gmt":"2020-03-13T09:44:46","guid":{"rendered":"https:\/\/www.la-cezille.ch\/?page_id=31279"},"modified":"2026-03-22T21:29:54","modified_gmt":"2026-03-22T20:29:54","slug":"homepage","status":"publish","type":"page","link":"https:\/\/www.la-cezille.ch\/de\/","title":{"rendered":"Homepage"},"content":{"rendered":"<div class=\"brz-root__container brz-reset-all\">\n<section id=\"suwxrzjewrcuiexhoglimagsrmrkmjwddjce\" class=\"brz-section brz-css-bpjSU\">\n<div class=\"brz-section__content brz-section--boxed brz-css-uURCs brz-css-vnpY2\" data-brz-custom-id=\"dqefxloddaiqaskapjjatrgfmknlkglpiieb\">\n<div class=\"brz-bg\">\n<div class=\"brz-bg-image\"><\/div>\n<div class=\"brz-bg-color\"><\/div>\n<\/div>\n<div class=\"brz-container brz-css-nVEyb\">\n<div class=\"brz-row__container brz-css-fX0mH\" data-brz-custom-id=\"ulmggzyqiycyuubcfhmjcxxxnceyghmoazya\">\n<div class=\"brz-bg\"><\/div>\n<div class=\"brz-row brz-css-jWKUd brz-css-pFhu5\">\n<div class=\"brz-columns brz-css-oqs1h brz-css-aXLNW\" data-brz-custom-id=\"lbgvbdoscncehiwdpothpgcgenvirsgbfums\">\n<div class=\"brz-bg\">\n<div class=\"brz-bg-color\"><\/div>\n<\/div>\n<div class=\"brz-column__items brz-css-cwiww brz-css-feTU4\">\n<div id class=\"brz-css-pLjH_ brz-wrapper\">\n<div class=\"brz-rich-text brz-rich-text__custom brz-css-kYb6B\" data-brz-custom-id=\"oxbfhgfdnwfrnipyvrmkumfmpyqasodkqhmm\">\n<div data-brz-translate-text=\"1\">\n<h1 class=\"brz-tp-heading1 brz-text-xs-center brz-fs-xs-29 brz-css-ywfwi\"><span class=\"brz-cp-color8\">Freizeit- und Aufenthaltszentrum <\/span><\/h1>\n<h1 class=\"brz-tp-heading1 brz-text-xs-center brz-fs-xs-29 brz-css-tGZaS\"><span class=\"brz-cp-color8\">im Herzen der Genferseeregion.<\/span><\/h1>\n<\/div>\n<\/div>\n<\/div>\n<div id class=\"brz-css-pLjH_ brz-css-hPZrn brz-wrapper\">\n<div class=\"brz-rich-text brz-rich-text__custom brz-css-kYb6B\" data-brz-custom-id=\"hdrjfxlzwuppacnvdlgxaqqfocmxpwievoqu\">\n<div data-brz-translate-text=\"1\">\n<h4 class=\"brz-fw-xs-400 brz-fw-sm-400 brz-fw-lg-400 brz-ft-google brz-ff-montserrat brz-fs-xs-18 brz-fs-sm-19 brz-fs-lg-19 brz-ls-xs-0 brz-ls-sm-0 brz-ls-lg-0 brz-lh-xs-1_5 brz-lh-sm-1_5 brz-lh-lg-1_8 brz-text-xs-center brz-css-uKaee\" data-uniq-id=\"ghFrj\" data-generated-css=\"brz-css-zgHne\"><span class=\"brz-cp-color8 brz-scp-color2\">Ob f&uuml;r Ferienkolonie,  Familienfeier oder Geburtstagsfest mit vielen G&auml;sten, La C&eacute;zille bietet Ihnen f&uuml;r <\/span><\/h4>\n<h4 class=\"brz-fw-xs-400 brz-fw-sm-400 brz-fw-lg-400 brz-ft-google brz-ff-montserrat brz-fs-xs-18 brz-fs-sm-19 brz-fs-lg-19 brz-ls-xs-0 brz-ls-sm-0 brz-ls-lg-0 brz-lh-xs-1_5 brz-lh-sm-1_5 brz-lh-lg-1_8 brz-text-xs-center brz-css-nsvb2\" data-uniq-id=\"ghFrj\" data-generated-css=\"brz-css-zgHne\"><span class=\"brz-cp-color8 brz-scp-color2\">alle Anl&auml;sse einen geeingneten Treffpunkt. <\/span><\/h4>\n<\/div>\n<\/div>\n<\/div>\n<div id class=\"brz-css-pLjH_ brz-css-vZpeZ brz-wrapper\">\n<div class=\"brz-spacer brz-css-pULy_ brz-css-rJ9ZS\"><\/div>\n<\/div>\n<div class=\"brz-wrapper-clone brz-css-eH1gc\">\n<div class=\"brz-d-xs-flex brz-flex-xs-wrap brz-css-x4LmD brz-css-pHaCk\" data-brz-custom-id>\n<div class=\"brz-wrapper-clone__item\" id=\"jyohdfeizbgvtvakvrjzfjjfbibvxefrhetf\"><a class=\"brz-a brz-btn brz-css-jGCe1 brz-css-uAciE\" href=\"%7B@brizy_SITE_URL_PLACEHOLDER@%7Dkontakt-und-reservation\/\" target=\"_self\" rel=\"noopener\" data-brz-link-type=\"external\" data-brz-custom-id=\"jyohdfeizbgvtvakvrjzfjjfbibvxefrhetf\"><span data-brz-translate-text=\"1\" class=\"brz-span brz-text__editor\">Kontakt und Reservation<\/span><\/a><\/div>\n<\/div>\n<\/div>\n<\/div>\n<\/div>\n<\/div>\n<\/div>\n<\/div>\n<\/div>\n<\/section>\n<section id=\"iutvgjjqqgdememjsitouuezwuobltpmqvyk\" class=\"brz-section brz-css-bpjSU\">\n<div class=\"brz-section__content brz-section--boxed brz-css-uURCs brz-css-ci6qj\" data-brz-custom-id=\"uzegqpidmdtdyjplsjkwjlqgkqrwpuustgpe\">\n<div class=\"brz-bg\">\n<div class=\"brz-bg-color\"><\/div>\n<\/div>\n<div class=\"brz-container brz-css-nVEyb brz-css-bUEzb\">\n<div id class=\"brz-css-pLjH_ brz-css-tLTiz brz-wrapper\">\n<div class=\"brz-rich-text brz-rich-text__custom brz-css-kYb6B\" data-brz-custom-id=\"elwtebvuymerwhdsgvsxugfaogesiifcwvgn\">\n<div data-brz-translate-text=\"1\">\n<h2 class=\"brz-fs-xs-28 brz-fw-xs-400 brz-text-lg-center brz-fw-sm-400 brz-lh-lg-1_3 brz-lh-sm-im-1_2 brz-lh-xs-im-1_3 brz-ls-lg-m_1 brz-ls-sm-im-m_1 brz-ls-xs-im-m_1 brz-ff-montserrat brz-ft-google brz-fw-lg-400 brz-fs-lg-27 brz-fs-sm-im-21 brz-css-pfgZC\"><strong>La C&eacute;zille<\/strong>, der ideale Ort f&uuml;r Ihre Anl&auml;sse.<\/h2>\n<\/div>\n<\/div>\n<\/div>\n<div id class=\"brz-css-pLjH_ brz-css-vZpeZ brz-css-rF0k4 brz-wrapper\">\n<div class=\"brz-spacer brz-css-pULy_ brz-css-fXrJU\"><\/div>\n<\/div>\n<div id class=\"brz-css-pLjH_ brz-css-yiYMD brz-wrapper\">\n<div class=\"brz-rich-text brz-rich-text__custom brz-css-kYb6B\" data-brz-custom-id=\"yvbfqpxzzicivhwtpdeevpvstatspinafald\">\n<div data-brz-translate-text=\"1\">\n<p class=\"brz-tp-lg-paragraph brz-text-lg-justify brz-css-rNDfm\" data-generated-css=\"brz-css-h66VK\" data-uniq-id=\"mjSjy\">Das <strong>Ferienzentrum La C&eacute;zille liegt<\/strong>, idyllisch und ruhig in l&auml;ndlicher Umgebung, in <strong>Arzier<\/strong>, nur 20 Minuten von Genf oder Lausanne entfernt. Sommer wie Winter <strong>bietet La C&eacute;zille<\/strong> eine angenehme Aufenthaltsm&ouml;glichkeit, sei es f&uuml;r einige Tage oder Wochen. Hier ist der ideale Ausgangspunkt f&uuml;r zahlreiche, spannende Ausfl&uuml;ge und kulturelle Besuche in das attraktive <strong>Genferseegebiet<\/strong>. Hier ist der ideale Ort f&uuml;r Ferienkolonien, Seminare, <strong>Familienfeiern und Wochenenden im gr&ouml;sseren Kreis<\/strong>. Kinder begeistert die Bewegungsfreiheit und die Erwachsenen geniessen den wunderbaren Blick auf die Berge und das Mont-Blanc Gebiet.<\/p>\n<p class=\"brz-tp-lg-paragraph brz-text-lg-justify brz-css-h9wgy\" data-generated-css=\"brz-css-yYh7V\" data-uniq-id=\"yNFyx\"><\/p>\n<p class=\"brz-tp-lg-paragraph brz-text-lg-justify brz-css-yWUbe\" data-generated-css=\"brz-css-pYakG\" data-uniq-id=\"qhH4T\">La C&eacute;zille hat eine Kapazit&auml;t von maximal 72 Personen (<strong>50 Betten verteilt auf 4 Schlaf-s&auml;le, sowie 11 2-Bett-Zimmer, die sich im Pavillon befinden<\/strong>). Ein wandlungsf&auml;higer Speisesaal mit bis zu 100 Pl&auml;tzen bietet sich f&uuml;r Mahlzeiten und Seminare an. Eine vollst&auml;ndig ausgestattete K&uuml;che, einen Aufenthaltsraum mit Basteltischen, Fussballk&auml;sten und Ping-Pong Tischen geh&ouml;rt genau so zu der Ausstattung wie der Spielplatz, das Fu&szlig;ball-Terrain und die weitl&auml;ufigen Gr&uuml;nfl&auml;chen..<\/p>\n<p class=\"brz-tp-lg-paragraph brz-text-lg-justify brz-css-niBJi\" data-generated-css=\"brz-css-cjk8L\" data-uniq-id=\"dARLz\"><\/p>\n<p class=\"brz-tp-lg-paragraph brz-text-lg-center brz-css-dG6wH\" data-generated-css=\"brz-css-rZn2n\" data-uniq-id=\"izGOB\"><strong><em>Ideal gelegen : nur 10 Minuten (5 Kilometer) von der Autobahnausfahrt Gland.<\/em><\/strong><\/p>\n<\/div>\n<\/div>\n<\/div>\n<div id class=\"brz-css-pLjH_ brz-css-vZpeZ brz-wrapper\">\n<div class=\"brz-spacer brz-css-pULy_ brz-css-qWDHW\"><\/div>\n<\/div>\n<\/div>\n<\/div>\n<\/section>\n<section id=\"jbihbxpxxxkuptztrshbkaqyggdzaftytbdf\" class=\"brz-section brz-css-bpjSU\">\n<div class=\"brz-section__content brz-section--boxed brz-css-uURCs brz-css-r37un\" data-brz-custom-id=\"eqfmzabudwbkeaunphwnmdvkgxlgjxlcyujn\">\n<div class=\"brz-bg\">\n<div class=\"brz-bg-color\"><\/div>\n<\/div>\n<div class=\"brz-container brz-css-nVEyb brz-css-mTe4p\">\n<div id class=\"brz-css-pLjH_ brz-css-li2wm brz-wrapper\">\n<div class=\"brz-rich-text brz-rich-text__custom brz-css-kYb6B\" data-brz-custom-id=\"pqjrswztqzwuhymhrfecagplbhghjjcfkbka\">\n<div data-brz-translate-text=\"1\">\n<h1 class=\"brz-text-lg-center brz-lh-lg-1_3 brz-lh-sm-im-1_2 brz-lh-xs-im-1_3 brz-fs-lg-36 brz-fs-sm-im-30 brz-fs-xs-im-28 brz-ls-lg-m_1_5 brz-ls-sm-im-m_1 brz-ls-xs-im-m_1 brz-ff-montserrat brz-ft-google brz-fw-lg-400 brz-fw-sm-im-400 brz-fw-xs-im-400 brz-css-lXCeL\">Reservieren Sie La C&eacute;zille f&uuml;r Ihre verschiedenen Anl&auml;sse<\/h1>\n<\/div>\n<\/div>\n<\/div>\n<div id class=\"brz-css-pLjH_ brz-css-vZpeZ brz-wrapper\">\n<div class=\"brz-spacer brz-css-pULy_ brz-css-ofDjX\"><\/div>\n<\/div>\n<div class=\"brz-row__container brz-css-fX0mH\" data-brz-custom-id=\"fplzlvkyjpqnpgyisorhfdjwpfgtjjxpaqne\">\n<div class=\"brz-bg\"><\/div>\n<div class=\"brz-row brz-css-jWKUd brz-css-pFhu5\">\n<div class=\"brz-columns brz-css-oqs1h brz-css-dufpd\" data-brz-custom-id=\"cysjkglrgnalrkgvsdmzlouupatxumboipyv\">\n<div class=\"brz-bg\"><\/div>\n<div class=\"brz-column__items brz-css-cwiww brz-css-vHFiq\">\n<div id class=\"brz-css-pLjH_ brz-wrapper\">\n<div class=\"brz-icon-text brz-css-x1txV\" data-brz-custom-id=\"ldqxnuqfabrglysjqpcjjwhzoimzfvdxfazi\">\n<div class=\"brz-icon__container\" data-brz-custom-id=\"irnosiephurjgzpafkmlcqumwgquwwbxmqrn\"><span class=\"brz-icon brz-span brz-css-jp1_S brz-css-hLl3M\"><\/span><\/div>\n<div class=\"brz-text-btn\">\n<div class=\"brz-rich-text brz-rich-text__custom brz-css-kYb6B\" data-brz-custom-id=\"xryjidtafqkzgzridjozesdhbiwdsxrlecot\">\n<div data-brz-translate-text=\"1\">\n<h6 class=\"brz-tp-heading6 brz-css-zl4I_\">Ferienkolonie f&uuml;r Schulen<\/h6>\n<\/div>\n<\/div>\n<\/div>\n<\/div>\n<\/div>\n<div id class=\"brz-css-pLjH_ brz-wrapper\">\n<div class=\"brz-icon-text brz-css-x1txV\" data-brz-custom-id=\"hqxuuewdbiokladbrccwgkbrdomsmwpzgszz\">\n<div class=\"brz-icon__container\" data-brz-custom-id=\"sfkssusyermgjkryznoxpvmnptfzmouotzfm\"><span class=\"brz-icon brz-span brz-css-jp1_S brz-css-cxIok\"><\/span><\/div>\n<div class=\"brz-text-btn\">\n<div class=\"brz-rich-text brz-rich-text__custom brz-css-kYb6B\" data-brz-custom-id=\"htldpusblnlxzeygcvutwuxywfaideqiylls\">\n<div data-brz-translate-text=\"1\">\n<h6 class=\"brz-tp-heading6 brz-css-cmS_N\">Ausfl&uuml;ge und Zusammenk&uuml;nfte von Pfarreien, Einkehrtage<\/h6>\n<\/div>\n<\/div>\n<\/div>\n<\/div>\n<\/div>\n<div id class=\"brz-css-pLjH_ brz-wrapper\">\n<div class=\"brz-icon-text brz-css-x1txV\" data-brz-custom-id=\"zjyvdivqwphcymdmaixsnqkflooknfnakktg\">\n<div class=\"brz-icon__container\" data-brz-custom-id=\"icitqqzjfwjdiwzsunuhxmanmldackwszjmy\"><span class=\"brz-icon brz-span brz-css-jp1_S brz-css-ifVdY\"><\/span><\/div>\n<div class=\"brz-text-btn\">\n<div class=\"brz-rich-text brz-rich-text__custom brz-css-kYb6B\" data-brz-custom-id=\"qqhbmielrpvcrmoizhvnzbteltsddfxmutig\">\n<div data-brz-translate-text=\"1\">\n<h6 class=\"brz-tp-heading6 brz-css-knnKL\">Seminare im Gr&uuml;nen<\/h6>\n<h6 class=\"brz-tp-heading6 brz-css-g8z0A\"><\/h6>\n<\/div>\n<\/div>\n<\/div>\n<\/div>\n<\/div>\n<div id class=\"brz-css-pLjH_ brz-css-vZpeZ brz-css-dA0aN brz-wrapper\">\n<div class=\"brz-spacer brz-css-pULy_ brz-css-xnbc4\"><\/div>\n<\/div>\n<\/div>\n<\/div>\n<div class=\"brz-columns brz-css-oqs1h brz-css-pfCtd\" data-brz-custom-id=\"kkbyyscqtufplotdfwpmqnnmqrnatmcugjwd\">\n<div class=\"brz-bg\"><\/div>\n<div class=\"brz-column__items brz-css-cwiww brz-css-vRYJM\">\n<div id class=\"brz-css-pLjH_ brz-wrapper\">\n<div class=\"brz-icon-text brz-css-x1txV\" data-brz-custom-id=\"rnfpajivxmbajhmfjeqmnyuqioafsfupjvlb\">\n<div class=\"brz-icon__container\" data-brz-custom-id=\"xdsxejavkcegzhzmrmbovhjzbyktwmmfcokn\"><span class=\"brz-icon brz-span brz-css-jp1_S brz-css-uIaVP\"><\/span><\/div>\n<div class=\"brz-text-btn\">\n<div class=\"brz-rich-text brz-rich-text__custom brz-css-kYb6B\" data-brz-custom-id=\"wcojmvygwcqegjmpcwfydvhmfbudwksnqwxa\">\n<div data-brz-translate-text=\"1\">\n<h6 class=\"brz-tp-heading6 brz-css-i2Kdb\">Hochzeiten, Familien- und Geburtstagsfeiern<\/h6>\n<\/div>\n<\/div>\n<\/div>\n<\/div>\n<\/div>\n<div id class=\"brz-css-pLjH_ brz-wrapper\">\n<div class=\"brz-icon-text brz-css-x1txV\" data-brz-custom-id=\"gqwrlmagdscrvzfgjjnarqanpqnniglcenjx\">\n<div class=\"brz-icon__container\" data-brz-custom-id=\"djojnchynlrvjgarnwwkghhkyhhrzhjxxcxs\"><span class=\"brz-icon brz-span brz-css-jp1_S brz-css-mQFtS\"><\/span><\/div>\n<div class=\"brz-text-btn\">\n<div class=\"brz-rich-text brz-rich-text__custom brz-css-kYb6B\" data-brz-custom-id=\"qqjkfvxqbtrickaihtekeawwmgtohoxwjdvn\">\n<div data-brz-translate-text=\"1\">\n<h6 class=\"brz-tp-heading6 brz-css-zcwyQ\">Zusammenk&uuml;nfte und Wochenenden von Vereinen und Verb&auml;nden<\/h6>\n<\/div>\n<\/div>\n<\/div>\n<\/div>\n<\/div>\n<div id class=\"brz-css-pLjH_ brz-wrapper\">\n<div class=\"brz-icon-text brz-css-x1txV\" data-brz-custom-id=\"wprrnoetoaevjllbrsubivgddjzdagzinpnb\">\n<div class=\"brz-icon__container\" data-brz-custom-id=\"eerdudjowkjmrdvfgwreidqqskssqexfrxnk\"><span class=\"brz-icon brz-span brz-css-jp1_S brz-css-aSRod\"><\/span><\/div>\n<div class=\"brz-text-btn\">\n<div class=\"brz-rich-text brz-rich-text__custom brz-css-kYb6B\" data-brz-custom-id=\"xguhbupssghyloowvklboxlacsyntpksexgd\">\n<div data-brz-translate-text=\"1\">\n<h6 class=\"brz-tp-heading6 brz-css-mny0I\">Freizeitaufenthalte in einer gem&uuml;tlichen und ruhigen Umgebung, fern des Strassenverkehrs<\/h6>\n<\/div>\n<\/div>\n<\/div>\n<\/div>\n<\/div>\n<div id class=\"brz-css-pLjH_ brz-css-vZpeZ brz-wrapper\">\n<div class=\"brz-spacer brz-css-pULy_ brz-css-upjW3\"><\/div>\n<\/div>\n<\/div>\n<\/div>\n<\/div>\n<\/div>\n<\/div>\n<\/div>\n<\/section>\n<section id=\"pgakonkmjxztqmdrqgrybetumjourmgfeyfu\" class=\"brz-section brz-css-bpjSU\">\n<div class=\"brz-section__content brz-section--boxed brz-css-uURCs brz-css-b8JCV\" data-brz-custom-id=\"qnewapfmushxpjkrdmbywvoxqwtndctimqum\">\n<div class=\"brz-bg\">\n<div class=\"brz-bg-color\"><\/div>\n<\/div>\n<div class=\"brz-container brz-css-nVEyb\">\n<div class=\"brz-row__container brz-css-fX0mH\" data-brz-custom-id=\"nycynmnfnxedtnkkdhfkquloqtqgxombpqif\">\n<div class=\"brz-bg\"><\/div>\n<div class=\"brz-row brz-css-jWKUd brz-css-pFhu5\">\n<div class=\"brz-columns brz-css-oqs1h\" data-brz-custom-id=\"fwdjbeenwanstsqsqbgqodksfxloqzrczuhv\">\n<div class=\"brz-bg\"><\/div>\n<div class=\"brz-column__items brz-css-cwiww brz-css-lOEMp\">\n<div id class=\"brz-css-pLjH_ brz-wrapper\">\n<div class=\"brz-rich-text brz-rich-text__custom brz-css-kYb6B\" data-brz-custom-id=\"hixdljcyudgbndhspncjisonweruukeckznk\">\n<div data-brz-translate-text=\"1\">\n<h3 class=\"brz-text-xs-center brz-tp-heading3 brz-fw-xs-600 brz-ls-xs-0_5 brz-css-gZWNp\"><span class=\"brz-cp-color8\">Ben&ouml;tigen Sie eine Auskunft oder eine Reservation ?<\/span><\/h3>\n<\/div>\n<\/div>\n<\/div>\n<\/div>\n<\/div>\n<div class=\"brz-columns brz-css-oqs1h\" data-brz-custom-id=\"dmmadswkwlfjywkazlujmgzwcrbugeuznaeg\">\n<div class=\"brz-bg\"><\/div>\n<div class=\"brz-column__items brz-css-cwiww\">\n<div class=\"brz-wrapper-clone brz-css-eH1gc\">\n<div class=\"brz-d-xs-flex brz-flex-xs-wrap brz-css-x4LmD\" data-brz-custom-id>\n<div class=\"brz-wrapper-clone__item\" id=\"nwlwmktjqbmtiurrbdggdlicudzzheueytcs\"><a class=\"brz-a brz-btn brz-css-jGCe1 brz-css-tlfk2\" href=\"%7B@brizy_SITE_URL_PLACEHOLDER@%7Dkontakt-und-reservation\/\" target=\"_self\" rel=\"noopener\" data-brz-link-type=\"external\" data-brz-custom-id=\"nwlwmktjqbmtiurrbdggdlicudzzheueytcs\"><span data-brz-translate-text=\"1\" class=\"brz-span brz-text__editor\">KONTAKTIEREN SIE UNS<\/span><\/a><\/div>\n<\/div>\n<\/div>\n<\/div>\n<\/div>\n<\/div>\n<\/div>\n<\/div>\n<\/div>\n<\/section>\n<\/div>\n<p><!-- version:1774211394 --><\/p>\n","protected":false},"excerpt":{"rendered":"<p>Freizeit- und Aufenthaltszentrum im Herzen der Genferseeregion. Ob f&uuml;r Ferienkolonie, Familienfeier oder Geburtstagsfest mit vielen G&auml;sten, La C&eacute;zille bietet Ihnen f&uuml;r alle Anl&auml;sse einen geeingneten Treffpunkt. Kontakt und Reservation La C&eacute;zille, der ideale Ort f&uuml;r Ihre Anl&auml;sse. Das Ferienzentrum La C&eacute;zille liegt, idyllisch und ruhig in l&auml;ndlicher Umgebung, in Arzier, nur 20 Minuten von Genf [&hellip;]<\/p>\n","protected":false},"author":1,"featured_media":0,"parent":0,"menu_order":0,"comment_status":"closed","ping_status":"closed","template":"","meta":{"site-sidebar-layout":"no-sidebar","site-content-layout":"page-builder","ast-site-content-layout":"","site-content-style":"default","site-sidebar-style":"default","ast-global-header-display":"","ast-banner-title-visibility":"","ast-main-header-display":"","ast-hfb-above-header-display":"","ast-hfb-below-header-display":"","ast-hfb-mobile-header-display":"","site-post-title":"disabled","ast-breadcrumbs-content":"","ast-featured-img":"disabled","footer-sml-layout":"","theme-transparent-header-meta":"default","adv-header-id-meta":"","stick-header-meta":"default","header-above-stick-meta":"","header-main-stick-meta":"","header-below-stick-meta":"","astra-migrate-meta-layouts":"set","ast-page-background-enabled":"default","ast-page-background-meta":{"desktop":{"background-color":"","background-image":"","background-repeat":"repeat","background-position":"center center","background-size":"auto","background-attachment":"scroll","background-type":"","background-media":"","overlay-type":"","overlay-color":"","overlay-opacity":"","overlay-gradient":""},"tablet":{"background-color":"","background-image":"","background-repeat":"repeat","background-position":"center center","background-size":"auto","background-attachment":"scroll","background-type":"","background-media":"","overlay-type":"","overlay-color":"","overlay-opacity":"","overlay-gradient":""},"mobile":{"background-color":"","background-image":"","background-repeat":"repeat","background-position":"center center","background-size":"auto","background-attachment":"scroll","background-type":"","background-media":"","overlay-type":"","overlay-color":"","overlay-opacity":"","overlay-gradient":""}},"ast-content-background-meta":{"desktop":{"background-color":"var(--ast-global-color-5)","background-image":"","background-repeat":"repeat","background-position":"center center","background-size":"auto","background-attachment":"scroll","background-type":"","background-media":"","overlay-type":"","overlay-color":"","overlay-opacity":"","overlay-gradient":""},"tablet":{"background-color":"var(--ast-global-color-5)","background-image":"","background-repeat":"repeat","background-position":"center center","background-size":"auto","background-attachment":"scroll","background-type":"","background-media":"","overlay-type":"","overlay-color":"","overlay-opacity":"","overlay-gradient":""},"mobile":{"background-color":"var(--ast-global-color-5)","background-image":"","background-repeat":"repeat","background-position":"center center","background-size":"auto","background-attachment":"scroll","background-type":"","background-media":"","overlay-type":"","overlay-color":"","overlay-opacity":"","overlay-gradient":""}},"footnotes":""},"class_list":["post-31279","page","type-page","status-publish","hentry"],"yoast_head":"<!-- This site is optimized with the Yoast SEO plugin v22.8 - https:\/\/yoast.com\/wordpress\/plugins\/seo\/ -->\n<title>Ferienzentrum La C\u00e9zille in Arzier | Freizeitzentrum | Genfersee Region<\/title>\n<meta name=\"description\" content=\"Das Ferienzentrum La Cezille befindet sich in Arzier in einer au\u00dfergew\u00f6hnlichen Umgebung mit viel Gr\u00fcn und Ruhe. Und wie im Winter die Kolonie La Cezille.\" \/>\n<meta name=\"robots\" content=\"index, follow, max-snippet:-1, max-image-preview:large, max-video-preview:-1\" \/>\n<link rel=\"canonical\" href=\"https:\/\/www.la-cezille.ch\/de\/\" \/>\n<meta property=\"og:locale\" content=\"de_DE\" \/>\n<meta property=\"og:type\" content=\"article\" \/>\n<meta property=\"og:title\" content=\"Ferienzentrum La C\u00e9zille in Arzier | Freizeitzentrum | Genfersee Region\" \/>\n<meta property=\"og:description\" content=\"Das Ferienzentrum La Cezille befindet sich in Arzier in einer au\u00dfergew\u00f6hnlichen Umgebung mit viel Gr\u00fcn und Ruhe. Und wie im Winter die Kolonie La Cezille.\" \/>\n<meta property=\"og:url\" content=\"https:\/\/www.la-cezille.ch\/de\/\" \/>\n<meta property=\"og:site_name\" content=\"La C\u00e9zille\" \/>\n<meta property=\"article:modified_time\" content=\"2026-03-22T20:29:54+00:00\" \/>\n<meta property=\"og:image\" content=\"https:\/\/www.la-cezille.ch\/wp-content\/uploads\/2019\/11\/La-cezille_retina.png\" \/>\n\t<meta property=\"og:image:width\" content=\"654\" \/>\n\t<meta property=\"og:image:height\" content=\"266\" \/>\n\t<meta property=\"og:image:type\" content=\"image\/png\" \/>\n<meta name=\"twitter:card\" content=\"summary_large_image\" \/>\n<meta name=\"twitter:image\" content=\"https:\/\/www.la-cezille.ch\/wp-content\/uploads\/2019\/11\/La-cezille_retina.png\" \/>\n<meta name=\"twitter:label1\" content=\"Gesch\u00e4tzte Lesezeit\" \/>\n\t<meta name=\"twitter:data1\" content=\"2\u00a0Minuten\" \/>\n<script type=\"application\/ld+json\" class=\"yoast-schema-graph\">{\"@context\":\"https:\/\/schema.org\",\"@graph\":[{\"@type\":\"WebPage\",\"@id\":\"https:\/\/www.la-cezille.ch\/de\/\",\"url\":\"https:\/\/www.la-cezille.ch\/de\/\",\"name\":\"Ferienzentrum La C\u00e9zille in Arzier | Freizeitzentrum | Genfersee Region\",\"isPartOf\":{\"@id\":\"https:\/\/www.la-cezille.ch\/de\/#website\"},\"datePublished\":\"2020-03-13T09:44:46+00:00\",\"dateModified\":\"2026-03-22T20:29:54+00:00\",\"description\":\"Das Ferienzentrum La Cezille befindet sich in Arzier in einer au\u00dfergew\u00f6hnlichen Umgebung mit viel Gr\u00fcn und Ruhe. Und wie im Winter die Kolonie La Cezille.\",\"breadcrumb\":{\"@id\":\"https:\/\/www.la-cezille.ch\/de\/#breadcrumb\"},\"inLanguage\":\"de\",\"potentialAction\":[{\"@type\":\"ReadAction\",\"target\":[\"https:\/\/www.la-cezille.ch\/de\/\"]}]},{\"@type\":\"BreadcrumbList\",\"@id\":\"https:\/\/www.la-cezille.ch\/de\/#breadcrumb\",\"itemListElement\":[{\"@type\":\"ListItem\",\"position\":1,\"name\":\"Accueil\",\"item\":\"https:\/\/www.la-cezille.ch\/de\/\"},{\"@type\":\"ListItem\",\"position\":2,\"name\":\"Homepage\"}]},{\"@type\":\"WebSite\",\"@id\":\"https:\/\/www.la-cezille.ch\/de\/#website\",\"url\":\"https:\/\/www.la-cezille.ch\/de\/\",\"name\":\"La C\u00e9zille\",\"description\":\"\",\"publisher\":{\"@id\":\"https:\/\/www.la-cezille.ch\/de\/#organization\"},\"potentialAction\":[{\"@type\":\"SearchAction\",\"target\":{\"@type\":\"EntryPoint\",\"urlTemplate\":\"https:\/\/www.la-cezille.ch\/de\/?s={search_term_string}\"},\"query-input\":\"required name=search_term_string\"}],\"inLanguage\":\"de\"},{\"@type\":\"Organization\",\"@id\":\"https:\/\/www.la-cezille.ch\/de\/#organization\",\"name\":\"La C\u00e9zille\",\"url\":\"https:\/\/www.la-cezille.ch\/de\/\",\"logo\":{\"@type\":\"ImageObject\",\"inLanguage\":\"de\",\"@id\":\"https:\/\/www.la-cezille.ch\/de\/#\/schema\/logo\/image\/\",\"url\":\"https:\/\/www.la-cezille.ch\/wp-content\/uploads\/2019\/11\/La-cezille.png\",\"contentUrl\":\"https:\/\/www.la-cezille.ch\/wp-content\/uploads\/2019\/11\/La-cezille.png\",\"width\":327,\"height\":133,\"caption\":\"La C\u00e9zille\"},\"image\":{\"@id\":\"https:\/\/www.la-cezille.ch\/de\/#\/schema\/logo\/image\/\"}}]}<\/script>\n<!-- \/ Yoast SEO plugin. -->","yoast_head_json":{"title":"Ferienzentrum La C\u00e9zille in Arzier | Freizeitzentrum | Genfersee Region","description":"Das Ferienzentrum La Cezille befindet sich in Arzier in einer au\u00dfergew\u00f6hnlichen Umgebung mit viel Gr\u00fcn und Ruhe. Und wie im Winter die Kolonie La Cezille.","robots":{"index":"index","follow":"follow","max-snippet":"max-snippet:-1","max-image-preview":"max-image-preview:large","max-video-preview":"max-video-preview:-1"},"canonical":"https:\/\/www.la-cezille.ch\/de\/","og_locale":"de_DE","og_type":"article","og_title":"Ferienzentrum La C\u00e9zille in Arzier | Freizeitzentrum | Genfersee Region","og_description":"Das Ferienzentrum La Cezille befindet sich in Arzier in einer au\u00dfergew\u00f6hnlichen Umgebung mit viel Gr\u00fcn und Ruhe. Und wie im Winter die Kolonie La Cezille.","og_url":"https:\/\/www.la-cezille.ch\/de\/","og_site_name":"La C\u00e9zille","article_modified_time":"2026-03-22T20:29:54+00:00","og_image":[{"width":654,"height":266,"url":"https:\/\/www.la-cezille.ch\/wp-content\/uploads\/2019\/11\/La-cezille_retina.png","type":"image\/png"}],"twitter_card":"summary_large_image","twitter_image":"https:\/\/www.la-cezille.ch\/wp-content\/uploads\/2019\/11\/La-cezille_retina.png","twitter_misc":{"Gesch\u00e4tzte Lesezeit":"2\u00a0Minuten"},"schema":{"@context":"https:\/\/schema.org","@graph":[{"@type":"WebPage","@id":"https:\/\/www.la-cezille.ch\/de\/","url":"https:\/\/www.la-cezille.ch\/de\/","name":"Ferienzentrum La C\u00e9zille in Arzier | Freizeitzentrum | Genfersee Region","isPartOf":{"@id":"https:\/\/www.la-cezille.ch\/de\/#website"},"datePublished":"2020-03-13T09:44:46+00:00","dateModified":"2026-03-22T20:29:54+00:00","description":"Das Ferienzentrum La Cezille befindet sich in Arzier in einer au\u00dfergew\u00f6hnlichen Umgebung mit viel Gr\u00fcn und Ruhe. Und wie im Winter die Kolonie La Cezille.","breadcrumb":{"@id":"https:\/\/www.la-cezille.ch\/de\/#breadcrumb"},"inLanguage":"de","potentialAction":[{"@type":"ReadAction","target":["https:\/\/www.la-cezille.ch\/de\/"]}]},{"@type":"BreadcrumbList","@id":"https:\/\/www.la-cezille.ch\/de\/#breadcrumb","itemListElement":[{"@type":"ListItem","position":1,"name":"Accueil","item":"https:\/\/www.la-cezille.ch\/de\/"},{"@type":"ListItem","position":2,"name":"Homepage"}]},{"@type":"WebSite","@id":"https:\/\/www.la-cezille.ch\/de\/#website","url":"https:\/\/www.la-cezille.ch\/de\/","name":"La C\u00e9zille","description":"","publisher":{"@id":"https:\/\/www.la-cezille.ch\/de\/#organization"},"potentialAction":[{"@type":"SearchAction","target":{"@type":"EntryPoint","urlTemplate":"https:\/\/www.la-cezille.ch\/de\/?s={search_term_string}"},"query-input":"required name=search_term_string"}],"inLanguage":"de"},{"@type":"Organization","@id":"https:\/\/www.la-cezille.ch\/de\/#organization","name":"La C\u00e9zille","url":"https:\/\/www.la-cezille.ch\/de\/","logo":{"@type":"ImageObject","inLanguage":"de","@id":"https:\/\/www.la-cezille.ch\/de\/#\/schema\/logo\/image\/","url":"https:\/\/www.la-cezille.ch\/wp-content\/uploads\/2019\/11\/La-cezille.png","contentUrl":"https:\/\/www.la-cezille.ch\/wp-content\/uploads\/2019\/11\/La-cezille.png","width":327,"height":133,"caption":"La C\u00e9zille"},"image":{"@id":"https:\/\/www.la-cezille.ch\/de\/#\/schema\/logo\/image\/"}}]}},"_links":{"self":[{"href":"https:\/\/www.la-cezille.ch\/de\/wp-json\/wp\/v2\/pages\/31279","targetHints":{"allow":["GET"]}}],"collection":[{"href":"https:\/\/www.la-cezille.ch\/de\/wp-json\/wp\/v2\/pages"}],"about":[{"href":"https:\/\/www.la-cezille.ch\/de\/wp-json\/wp\/v2\/types\/page"}],"author":[{"embeddable":true,"href":"https:\/\/www.la-cezille.ch\/de\/wp-json\/wp\/v2\/users\/1"}],"replies":[{"embeddable":true,"href":"https:\/\/www.la-cezille.ch\/de\/wp-json\/wp\/v2\/comments?post=31279"}],"version-history":[{"count":0,"href":"https:\/\/www.la-cezille.ch\/de\/wp-json\/wp\/v2\/pages\/31279\/revisions"}],"wp:attachment":[{"href":"https:\/\/www.la-cezille.ch\/de\/wp-json\/wp\/v2\/media?parent=31279"}],"curies":[{"name":"wp","href":"https:\/\/api.w.org\/{rel}","templated":true}]}}